{"id":1097,"date":"2025-11-25T07:46:42","date_gmt":"2025-11-25T07:46:42","guid":{"rendered":"https:\/\/www.rattech.com\/?page_id=1097"},"modified":"2025-11-25T07:50:48","modified_gmt":"2025-11-25T07:50:48","slug":"blog","status":"publish","type":"page","link":"https:\/\/www.rattech.com\/en\/blog\/","title":{"rendered":"Blog"},"content":{"rendered":"<div data-elementor-type=\"wp-page\" data-elementor-id=\"1097\" class=\"elementor elementor-1097\" data-elementor-post-type=\"page\">\n\t\t\t\t<div class=\"elementor-element elementor-element-54e5148 e-flex e-con-boxed e-con e-parent\" data-id=\"54e5148\" data-element_type=\"container\" data-settings=\"{&quot;background_background&quot;:&quot;classic&quot;}\">\n\t\t\t\t\t<div class=\"e-con-inner\">\n\t\t<div class=\"elementor-element elementor-element-59093d9 e-con-full e-flex e-con e-child\" data-id=\"59093d9\" data-element_type=\"container\">\n\t\t\t\t<div class=\"elementor-element elementor-element-773136f elementor-widget elementor-widget-heading\" data-id=\"773136f\" data-element_type=\"widget\" data-widget_type=\"heading.default\">\n\t\t\t\t<div class=\"elementor-widget-container\">\n\t\t\t\t\t<h1 class=\"elementor-heading-title elementor-size-default\">Blog<\/h1>\t\t\t\t<\/div>\n\t\t\t\t<\/div>\n\t\t\t\t<div class=\"elementor-element elementor-element-69f5f88 elementor-widget elementor-widget-text-editor\" data-id=\"69f5f88\" data-element_type=\"widget\" data-widget_type=\"text-editor.default\">\n\t\t\t\t<div class=\"elementor-widget-container\">\n\t\t\t\t\t\t\t\t\t<p>Rat problems cost businesses dearly. Invest in a digital pest solution where we actively control rats on your property.<\/p>\t\t\t\t\t\t\t\t<\/div>\n\t\t\t\t<\/div>\n\t\t\t\t<div class=\"elementor-element elementor-element-a44c037 elementor-widget elementor-widget-button\" data-id=\"a44c037\" data-element_type=\"widget\" data-widget_type=\"button.default\">\n\t\t\t\t<div class=\"elementor-widget-container\">\n\t\t\t\t\t\t\t\t\t<div class=\"elementor-button-wrapper\">\n\t\t\t\t\t<a class=\"elementor-button elementor-button-link elementor-size-sm\" href=\"https:\/\/www.rattech.com\/en\/shop\/\">\n\t\t\t\t\t\t<span class=\"elementor-button-content-wrapper\">\n\t\t\t\t\t\t\t\t\t<span class=\"elementor-button-text\">Order traps<\/span>\n\t\t\t\t\t<\/span>\n\t\t\t\t\t<\/a>\n\t\t\t\t<\/div>\n\t\t\t\t\t\t\t\t<\/div>\n\t\t\t\t<\/div>\n\t\t\t\t<\/div>\n\t\t<div class=\"elementor-element elementor-element-da88782 e-con-full e-flex e-con e-child\" data-id=\"da88782\" data-element_type=\"container\">\n\t\t\t\t<div class=\"elementor-element elementor-element-ae9d6fa elementor-widget elementor-widget-image\" data-id=\"ae9d6fa\" data-element_type=\"widget\" data-widget_type=\"image.default\">\n\t\t\t\t<div class=\"elementor-widget-container\">\n\t\t\t\t\t\t\t\t\t\t\t\t\t\t\t\t<a href=\"#elementor-action%3Aaction%3Dpopup%3Aopen%26settings%3DeyJpZCI6IjY0MiIsInRvZ2dsZSI6ZmFsc2V9\">\n\t\t\t\t\t\t\t<img fetchpriority=\"high\" decoding=\"async\" width=\"614\" height=\"498\" src=\"https:\/\/www.rattech.com\/wp-content\/uploads\/2024\/10\/rat.png\" class=\"attachment-large size-large wp-image-637\" alt=\"\" srcset=\"https:\/\/www.rattech.com\/wp-content\/uploads\/2024\/10\/rat.png 614w, https:\/\/www.rattech.com\/wp-content\/uploads\/2024\/10\/rat-300x243.png 300w, https:\/\/www.rattech.com\/wp-content\/uploads\/2024\/10\/rat-600x487.png 600w\" sizes=\"(max-width: 614px) 100vw, 614px\" \/>\t\t\t\t\t\t\t\t<\/a>\n\t\t\t\t\t\t\t\t\t\t\t\t\t\t\t<\/div>\n\t\t\t\t<\/div>\n\t\t\t\t<\/div>\n\t\t\t\t\t<\/div>\n\t\t\t\t<\/div>\n\t\t<div class=\"elementor-element elementor-element-c6eb2f1 e-flex e-con-boxed e-con e-parent\" data-id=\"c6eb2f1\" data-element_type=\"container\">\n\t\t\t\t\t<div class=\"e-con-inner\">\n\t\t\t\t<div class=\"elementor-element elementor-element-a313730 elementor-grid-3 elementor-grid-tablet-2 elementor-grid-mobile-1 elementor-posts--thumbnail-top elementor-widget elementor-widget-posts\" data-id=\"a313730\" data-element_type=\"widget\" data-settings=\"{&quot;classic_row_gap&quot;:{&quot;unit&quot;:&quot;px&quot;,&quot;size&quot;:46,&quot;sizes&quot;:[]},&quot;pagination_type&quot;:&quot;numbers&quot;,&quot;classic_columns&quot;:&quot;3&quot;,&quot;classic_columns_tablet&quot;:&quot;2&quot;,&quot;classic_columns_mobile&quot;:&quot;1&quot;,&quot;classic_row_gap_tablet&quot;:{&quot;unit&quot;:&quot;px&quot;,&quot;size&quot;:&quot;&quot;,&quot;sizes&quot;:[]},&quot;classic_row_gap_mobile&quot;:{&quot;unit&quot;:&quot;px&quot;,&quot;size&quot;:&quot;&quot;,&quot;sizes&quot;:[]}}\" data-widget_type=\"posts.classic\">\n\t\t\t\t<div class=\"elementor-widget-container\">\n\t\t\t\t\t\t\t<div class=\"elementor-posts-container elementor-posts elementor-posts--skin-classic elementor-grid\" role=\"list\">\n\t\t\t\t<article class=\"elementor-post elementor-grid-item post-1965 post type-post status-publish format-standard has-post-thumbnail hentry category-uncategorized\" role=\"listitem\">\n\t\t\t\t<a class=\"elementor-post__thumbnail__link\" href=\"https:\/\/www.rattech.com\/en\/rottefaelder-paa-abonnement-effektiv-skadedyrshaandtering\/\" tabindex=\"-1\" >\n\t\t\t<div class=\"elementor-post__thumbnail\"><img decoding=\"async\" width=\"768\" height=\"512\" src=\"https:\/\/www.rattech.com\/wp-content\/uploads\/2026\/04\/hvornaar-er-rotter-mest-aktive-768x512.png\" class=\"attachment-medium_large size-medium_large wp-image-1964\" alt=\"Illustration af hvorn\u00e5r er rotter mest aktive\" srcset=\"https:\/\/www.rattech.com\/wp-content\/uploads\/2026\/04\/hvornaar-er-rotter-mest-aktive-768x512.png 768w, https:\/\/www.rattech.com\/wp-content\/uploads\/2026\/04\/hvornaar-er-rotter-mest-aktive-300x200.png 300w, https:\/\/www.rattech.com\/wp-content\/uploads\/2026\/04\/hvornaar-er-rotter-mest-aktive-1024x683.png 1024w, https:\/\/www.rattech.com\/wp-content\/uploads\/2026\/04\/hvornaar-er-rotter-mest-aktive-18x12.png 18w, https:\/\/www.rattech.com\/wp-content\/uploads\/2026\/04\/hvornaar-er-rotter-mest-aktive-680x453.png 680w, https:\/\/www.rattech.com\/wp-content\/uploads\/2026\/04\/hvornaar-er-rotter-mest-aktive.png 1536w\" sizes=\"(max-width: 768px) 100vw, 768px\" \/><\/div>\n\t\t<\/a>\n\t\t\t\t<div class=\"elementor-post__text\">\n\t\t\t\t<h2 class=\"elementor-post__title\">\n\t\t\t<a href=\"https:\/\/www.rattech.com\/en\/rottefaelder-paa-abonnement-effektiv-skadedyrshaandtering\/\" >\n\t\t\t\tRottef\u00e6lder p\u00e5 abonnement: Effektiv skadedyrsh\u00e5ndtering\t\t\t<\/a>\n\t\t<\/h2>\n\t\t\n\t\t<a class=\"elementor-post__read-more\" href=\"https:\/\/www.rattech.com\/en\/rottefaelder-paa-abonnement-effektiv-skadedyrshaandtering\/\" aria-label=\"Read more about Rottef\u00e6lder p\u00e5 abonnement: Effektiv skadedyrsh\u00e5ndtering\" tabindex=\"-1\" >\n\t\t\tRead more \u00bb\t\t<\/a>\n\n\t\t\t\t<\/div>\n\t\t\t\t<\/article>\n\t\t\t\t<article class=\"elementor-post elementor-grid-item post-1963 post type-post status-publish format-standard has-post-thumbnail hentry category-uncategorized\" role=\"listitem\">\n\t\t\t\t<a class=\"elementor-post__thumbnail__link\" href=\"https:\/\/www.rattech.com\/en\/rottefaelder-til-erhverv-effektive-loesninger\/\" tabindex=\"-1\" >\n\t\t\t<div class=\"elementor-post__thumbnail\"><img decoding=\"async\" width=\"768\" height=\"512\" src=\"https:\/\/www.rattech.com\/wp-content\/uploads\/2026\/04\/hvordan-lever-rotter-768x512.png\" class=\"attachment-medium_large size-medium_large wp-image-1962\" alt=\"Illustration af hvordan lever rotter\" srcset=\"https:\/\/www.rattech.com\/wp-content\/uploads\/2026\/04\/hvordan-lever-rotter-768x512.png 768w, https:\/\/www.rattech.com\/wp-content\/uploads\/2026\/04\/hvordan-lever-rotter-300x200.png 300w, https:\/\/www.rattech.com\/wp-content\/uploads\/2026\/04\/hvordan-lever-rotter-1024x683.png 1024w, https:\/\/www.rattech.com\/wp-content\/uploads\/2026\/04\/hvordan-lever-rotter-18x12.png 18w, https:\/\/www.rattech.com\/wp-content\/uploads\/2026\/04\/hvordan-lever-rotter-680x453.png 680w, https:\/\/www.rattech.com\/wp-content\/uploads\/2026\/04\/hvordan-lever-rotter.png 1536w\" sizes=\"(max-width: 768px) 100vw, 768px\" \/><\/div>\n\t\t<\/a>\n\t\t\t\t<div class=\"elementor-post__text\">\n\t\t\t\t<h2 class=\"elementor-post__title\">\n\t\t\t<a href=\"https:\/\/www.rattech.com\/en\/rottefaelder-til-erhverv-effektive-loesninger\/\" >\n\t\t\t\tRottef\u00e6lder til erhverv: Effektive l\u00f8sninger\t\t\t<\/a>\n\t\t<\/h2>\n\t\t\n\t\t<a class=\"elementor-post__read-more\" href=\"https:\/\/www.rattech.com\/en\/rottefaelder-til-erhverv-effektive-loesninger\/\" aria-label=\"Read more about Rottef\u00e6lder til erhverv: Effektive l\u00f8sninger\" tabindex=\"-1\" >\n\t\t\tRead more \u00bb\t\t<\/a>\n\n\t\t\t\t<\/div>\n\t\t\t\t<\/article>\n\t\t\t\t<article class=\"elementor-post elementor-grid-item post-1961 post type-post status-publish format-standard has-post-thumbnail hentry category-uncategorized\" role=\"listitem\">\n\t\t\t\t<a class=\"elementor-post__thumbnail__link\" href=\"https:\/\/www.rattech.com\/en\/bekaempelse-af-rotter-i-erhvervsejendomme-5\/\" tabindex=\"-1\" >\n\t\t\t<div class=\"elementor-post__thumbnail\"><img loading=\"lazy\" decoding=\"async\" width=\"768\" height=\"512\" src=\"https:\/\/www.rattech.com\/wp-content\/uploads\/2026\/04\/hvad-spiser-rotter-768x512.png\" class=\"attachment-medium_large size-medium_large wp-image-1960\" alt=\"Illustration af hvad spiser rotter\" srcset=\"https:\/\/www.rattech.com\/wp-content\/uploads\/2026\/04\/hvad-spiser-rotter-768x512.png 768w, https:\/\/www.rattech.com\/wp-content\/uploads\/2026\/04\/hvad-spiser-rotter-300x200.png 300w, https:\/\/www.rattech.com\/wp-content\/uploads\/2026\/04\/hvad-spiser-rotter-1024x683.png 1024w, https:\/\/www.rattech.com\/wp-content\/uploads\/2026\/04\/hvad-spiser-rotter-18x12.png 18w, https:\/\/www.rattech.com\/wp-content\/uploads\/2026\/04\/hvad-spiser-rotter-680x453.png 680w, https:\/\/www.rattech.com\/wp-content\/uploads\/2026\/04\/hvad-spiser-rotter.png 1536w\" sizes=\"(max-width: 768px) 100vw, 768px\" \/><\/div>\n\t\t<\/a>\n\t\t\t\t<div class=\"elementor-post__text\">\n\t\t\t\t<h2 class=\"elementor-post__title\">\n\t\t\t<a href=\"https:\/\/www.rattech.com\/en\/bekaempelse-af-rotter-i-erhvervsejendomme-5\/\" >\n\t\t\t\tBek\u00e6mpelse af rotter i erhvervsejendomme\t\t\t<\/a>\n\t\t<\/h2>\n\t\t\n\t\t<a class=\"elementor-post__read-more\" href=\"https:\/\/www.rattech.com\/en\/bekaempelse-af-rotter-i-erhvervsejendomme-5\/\" aria-label=\"Read more about Bek\u00e6mpelse af rotter i erhvervsejendomme\" tabindex=\"-1\" >\n\t\t\tRead more \u00bb\t\t<\/a>\n\n\t\t\t\t<\/div>\n\t\t\t\t<\/article>\n\t\t\t\t<article class=\"elementor-post elementor-grid-item post-1959 post type-post status-publish format-standard has-post-thumbnail hentry category-uncategorized\" role=\"listitem\">\n\t\t\t\t<a class=\"elementor-post__thumbnail__link\" href=\"https:\/\/www.rattech.com\/en\/bekaempelse-af-rotter-i-erhvervsejendomme-4\/\" tabindex=\"-1\" >\n\t\t\t<div class=\"elementor-post__thumbnail\"><img loading=\"lazy\" decoding=\"async\" width=\"768\" height=\"512\" src=\"https:\/\/www.rattech.com\/wp-content\/uploads\/2026\/04\/rotter-i-tagrender-768x512.png\" class=\"attachment-medium_large size-medium_large wp-image-1958\" alt=\"Illustration af rotter i tagrender\" srcset=\"https:\/\/www.rattech.com\/wp-content\/uploads\/2026\/04\/rotter-i-tagrender-768x512.png 768w, https:\/\/www.rattech.com\/wp-content\/uploads\/2026\/04\/rotter-i-tagrender-300x200.png 300w, https:\/\/www.rattech.com\/wp-content\/uploads\/2026\/04\/rotter-i-tagrender-1024x683.png 1024w, https:\/\/www.rattech.com\/wp-content\/uploads\/2026\/04\/rotter-i-tagrender-18x12.png 18w, https:\/\/www.rattech.com\/wp-content\/uploads\/2026\/04\/rotter-i-tagrender-680x453.png 680w, https:\/\/www.rattech.com\/wp-content\/uploads\/2026\/04\/rotter-i-tagrender.png 1536w\" sizes=\"(max-width: 768px) 100vw, 768px\" \/><\/div>\n\t\t<\/a>\n\t\t\t\t<div class=\"elementor-post__text\">\n\t\t\t\t<h2 class=\"elementor-post__title\">\n\t\t\t<a href=\"https:\/\/www.rattech.com\/en\/bekaempelse-af-rotter-i-erhvervsejendomme-4\/\" >\n\t\t\t\tBek\u00e6mpelse af rotter i erhvervsejendomme\t\t\t<\/a>\n\t\t<\/h2>\n\t\t\n\t\t<a class=\"elementor-post__read-more\" href=\"https:\/\/www.rattech.com\/en\/bekaempelse-af-rotter-i-erhvervsejendomme-4\/\" aria-label=\"Read more about Bek\u00e6mpelse af rotter i erhvervsejendomme\" tabindex=\"-1\" >\n\t\t\tRead more \u00bb\t\t<\/a>\n\n\t\t\t\t<\/div>\n\t\t\t\t<\/article>\n\t\t\t\t<article class=\"elementor-post elementor-grid-item post-1957 post type-post status-publish format-standard has-post-thumbnail hentry category-uncategorized\" role=\"listitem\">\n\t\t\t\t<a class=\"elementor-post__thumbnail__link\" href=\"https:\/\/www.rattech.com\/en\/rottefaelder-paa-abonnement-en-fleksibel-loesning-2\/\" tabindex=\"-1\" >\n\t\t\t<div class=\"elementor-post__thumbnail\"><img loading=\"lazy\" decoding=\"async\" width=\"768\" height=\"512\" src=\"https:\/\/www.rattech.com\/wp-content\/uploads\/2026\/04\/rotter-i-nedloebsroer-768x512.png\" class=\"attachment-medium_large size-medium_large wp-image-1956\" alt=\"Illustration af rotter i nedl\u00f8bsr\u00f8r\" srcset=\"https:\/\/www.rattech.com\/wp-content\/uploads\/2026\/04\/rotter-i-nedloebsroer-768x512.png 768w, https:\/\/www.rattech.com\/wp-content\/uploads\/2026\/04\/rotter-i-nedloebsroer-300x200.png 300w, https:\/\/www.rattech.com\/wp-content\/uploads\/2026\/04\/rotter-i-nedloebsroer-1024x683.png 1024w, https:\/\/www.rattech.com\/wp-content\/uploads\/2026\/04\/rotter-i-nedloebsroer-18x12.png 18w, https:\/\/www.rattech.com\/wp-content\/uploads\/2026\/04\/rotter-i-nedloebsroer-680x453.png 680w, https:\/\/www.rattech.com\/wp-content\/uploads\/2026\/04\/rotter-i-nedloebsroer.png 1536w\" sizes=\"(max-width: 768px) 100vw, 768px\" \/><\/div>\n\t\t<\/a>\n\t\t\t\t<div class=\"elementor-post__text\">\n\t\t\t\t<h2 class=\"elementor-post__title\">\n\t\t\t<a href=\"https:\/\/www.rattech.com\/en\/rottefaelder-paa-abonnement-en-fleksibel-loesning-2\/\" >\n\t\t\t\tRottef\u00e6lder p\u00e5 abonnement: En fleksibel l\u00f8sning\t\t\t<\/a>\n\t\t<\/h2>\n\t\t\n\t\t<a class=\"elementor-post__read-more\" href=\"https:\/\/www.rattech.com\/en\/rottefaelder-paa-abonnement-en-fleksibel-loesning-2\/\" aria-label=\"Read more about Rottef\u00e6lder p\u00e5 abonnement: En fleksibel l\u00f8sning\" tabindex=\"-1\" >\n\t\t\tRead more \u00bb\t\t<\/a>\n\n\t\t\t\t<\/div>\n\t\t\t\t<\/article>\n\t\t\t\t<article class=\"elementor-post elementor-grid-item post-1955 post type-post status-publish format-standard has-post-thumbnail hentry category-uncategorized\" role=\"listitem\">\n\t\t\t\t<a class=\"elementor-post__thumbnail__link\" href=\"https:\/\/www.rattech.com\/en\/rottefaelder-paa-abonnement-en-effektiv-loesning-10\/\" tabindex=\"-1\" >\n\t\t\t<div class=\"elementor-post__thumbnail\"><img loading=\"lazy\" decoding=\"async\" width=\"768\" height=\"512\" src=\"https:\/\/www.rattech.com\/wp-content\/uploads\/2026\/04\/rotter-i-villa-768x512.png\" class=\"attachment-medium_large size-medium_large wp-image-1954\" alt=\"Illustration af rotter i villa\" srcset=\"https:\/\/www.rattech.com\/wp-content\/uploads\/2026\/04\/rotter-i-villa-768x512.png 768w, https:\/\/www.rattech.com\/wp-content\/uploads\/2026\/04\/rotter-i-villa-300x200.png 300w, https:\/\/www.rattech.com\/wp-content\/uploads\/2026\/04\/rotter-i-villa-1024x683.png 1024w, https:\/\/www.rattech.com\/wp-content\/uploads\/2026\/04\/rotter-i-villa-18x12.png 18w, https:\/\/www.rattech.com\/wp-content\/uploads\/2026\/04\/rotter-i-villa-680x453.png 680w, https:\/\/www.rattech.com\/wp-content\/uploads\/2026\/04\/rotter-i-villa.png 1536w\" sizes=\"(max-width: 768px) 100vw, 768px\" \/><\/div>\n\t\t<\/a>\n\t\t\t\t<div class=\"elementor-post__text\">\n\t\t\t\t<h2 class=\"elementor-post__title\">\n\t\t\t<a href=\"https:\/\/www.rattech.com\/en\/rottefaelder-paa-abonnement-en-effektiv-loesning-10\/\" >\n\t\t\t\tRottef\u00e6lder p\u00e5 abonnement: En effektiv l\u00f8sning\t\t\t<\/a>\n\t\t<\/h2>\n\t\t\n\t\t<a class=\"elementor-post__read-more\" href=\"https:\/\/www.rattech.com\/en\/rottefaelder-paa-abonnement-en-effektiv-loesning-10\/\" aria-label=\"Read more about Rottef\u00e6lder p\u00e5 abonnement: En effektiv l\u00f8sning\" tabindex=\"-1\" >\n\t\t\tRead more \u00bb\t\t<\/a>\n\n\t\t\t\t<\/div>\n\t\t\t\t<\/article>\n\t\t\t\t<\/div>\n\t\t\n\t\t\t\t<div class=\"e-load-more-anchor\" data-page=\"1\" data-max-page=\"30\" data-next-page=\"https:\/\/www.rattech.com\/en\/wp-json\/wp\/v2\/pages\/1097\/page\/2\/\"><\/div>\n\t\t\t\t<nav class=\"elementor-pagination\" aria-label=\"Pagination\">\n\t\t\t<span aria-current=\"page\" class=\"page-numbers current\"><span class=\"elementor-screen-only\">Page<\/span>1<\/span>\n<a class=\"page-numbers\" href=\"https:\/\/www.rattech.com\/en\/wp-json\/wp\/v2\/pages\/1097\/page\/2\/\"><span class=\"elementor-screen-only\">Page<\/span>2<\/a>\n<a class=\"page-numbers\" href=\"https:\/\/www.rattech.com\/en\/wp-json\/wp\/v2\/pages\/1097\/page\/3\/\"><span class=\"elementor-screen-only\">Page<\/span>3<\/a>\n<a class=\"page-numbers\" href=\"https:\/\/www.rattech.com\/en\/wp-json\/wp\/v2\/pages\/1097\/page\/4\/\"><span class=\"elementor-screen-only\">Page<\/span>4<\/a>\n<a class=\"page-numbers\" href=\"https:\/\/www.rattech.com\/en\/wp-json\/wp\/v2\/pages\/1097\/page\/5\/\"><span class=\"elementor-screen-only\">Page<\/span>5<\/a>\t\t<\/nav>\n\t\t\t\t\t\t<\/div>\n\t\t\t\t<\/div>\n\t\t\t\t\t<\/div>\n\t\t\t\t<\/div>\n\t\t\t\t<\/div>","protected":false},"excerpt":{"rendered":"<p>Blog Rat problems cost businesses dearly. Invest in a digital pest solution where we actively control rats on your property. Order traps<\/p>","protected":false},"author":6,"featured_media":0,"parent":0,"menu_order":0,"comment_status":"closed","ping_status":"closed","template":"elementor_header_footer","meta":{"_acf_changed":false,"footnotes":""},"class_list":["post-1097","page","type-page","status-publish","hentry"],"acf":[],"yoast_head":"<!-- This site is optimized with the Yoast SEO plugin v26.5 - https:\/\/yoast.com\/wordpress\/plugins\/seo\/ -->\n<title>Blog - RatTech<\/title>\n<meta name=\"robots\" content=\"index, follow, max-snippet:-1, max-image-preview:large, max-video-preview:-1\" \/>\n<link rel=\"canonical\" href=\"https:\/\/www.rattech.com\/en\/blog\/\" \/>\n<meta property=\"og:locale\" content=\"en_GB\" \/>\n<meta property=\"og:type\" content=\"article\" \/>\n<meta property=\"og:title\" content=\"Blog - RatTech\" \/>\n<meta property=\"og:description\" content=\"Blog Rotteproblemer koster virksomheder dyrt. Invester i en digital skadedyrsl\u00f8sning, hvor vi aktivt bek\u00e6mper rotter p\u00e5 din ejendom. Bestil f\u00e6lder\" \/>\n<meta property=\"og:url\" content=\"https:\/\/www.rattech.com\/en\/blog\/\" \/>\n<meta property=\"og:site_name\" content=\"RatTech\" \/>\n<meta property=\"article:modified_time\" content=\"2025-11-25T07:50:48+00:00\" \/>\n<meta property=\"og:image\" content=\"https:\/\/www.rattech.com\/wp-content\/uploads\/2024\/10\/rat.png\" \/>\n\t<meta property=\"og:image:width\" content=\"614\" \/>\n\t<meta property=\"og:image:height\" content=\"498\" \/>\n\t<meta property=\"og:image:type\" content=\"image\/png\" \/>\n<meta name=\"twitter:card\" content=\"summary_large_image\" \/>\n<meta name=\"twitter:label1\" content=\"Estimated reading time\" \/>\n\t<meta name=\"twitter:data1\" content=\"2 minutes\" \/>\n<script type=\"application\/ld+json\" class=\"yoast-schema-graph\">{\"@context\":\"https:\/\/schema.org\",\"@graph\":[{\"@type\":\"WebPage\",\"@id\":\"https:\/\/www.rattech.com\/blog\/\",\"url\":\"https:\/\/www.rattech.com\/blog\/\",\"name\":\"Blog - RatTech\",\"isPartOf\":{\"@id\":\"https:\/\/www.rattech.com\/en\/#website\"},\"primaryImageOfPage\":{\"@id\":\"https:\/\/www.rattech.com\/blog\/#primaryimage\"},\"image\":{\"@id\":\"https:\/\/www.rattech.com\/blog\/#primaryimage\"},\"thumbnailUrl\":\"https:\/\/www.rattech.com\/wp-content\/uploads\/2024\/10\/rat.png\",\"datePublished\":\"2025-11-25T07:46:42+00:00\",\"dateModified\":\"2025-11-25T07:50:48+00:00\",\"breadcrumb\":{\"@id\":\"https:\/\/www.rattech.com\/blog\/#breadcrumb\"},\"inLanguage\":\"en-GB\",\"potentialAction\":[{\"@type\":\"ReadAction\",\"target\":[\"https:\/\/www.rattech.com\/blog\/\"]}]},{\"@type\":\"ImageObject\",\"inLanguage\":\"en-GB\",\"@id\":\"https:\/\/www.rattech.com\/blog\/#primaryimage\",\"url\":\"https:\/\/www.rattech.com\/wp-content\/uploads\/2024\/10\/rat.png\",\"contentUrl\":\"https:\/\/www.rattech.com\/wp-content\/uploads\/2024\/10\/rat.png\"},{\"@type\":\"BreadcrumbList\",\"@id\":\"https:\/\/www.rattech.com\/blog\/#breadcrumb\",\"itemListElement\":[{\"@type\":\"ListItem\",\"position\":1,\"name\":\"Home\",\"item\":\"https:\/\/www.rattech.com\/en\/\"},{\"@type\":\"ListItem\",\"position\":2,\"name\":\"Blog\"}]},{\"@type\":\"WebSite\",\"@id\":\"https:\/\/www.rattech.com\/en\/#website\",\"url\":\"https:\/\/www.rattech.com\/en\/\",\"name\":\"RatTech\",\"description\":\"\",\"publisher\":{\"@id\":\"https:\/\/www.rattech.com\/en\/#organization\"},\"potentialAction\":[{\"@type\":\"SearchAction\",\"target\":{\"@type\":\"EntryPoint\",\"urlTemplate\":\"https:\/\/www.rattech.com\/en\/?s={search_term_string}\"},\"query-input\":{\"@type\":\"PropertyValueSpecification\",\"valueRequired\":true,\"valueName\":\"search_term_string\"}}],\"inLanguage\":\"en-GB\"},{\"@type\":\"Organization\",\"@id\":\"https:\/\/www.rattech.com\/en\/#organization\",\"name\":\"RatTech\",\"url\":\"https:\/\/www.rattech.com\/en\/\",\"logo\":{\"@type\":\"ImageObject\",\"inLanguage\":\"en-GB\",\"@id\":\"https:\/\/www.rattech.com\/en\/#\/schema\/logo\/image\/\",\"url\":\"https:\/\/www.rattech.com\/wp-content\/uploads\/2024\/06\/rattech.svg\",\"contentUrl\":\"https:\/\/www.rattech.com\/wp-content\/uploads\/2024\/06\/rattech.svg\",\"width\":261,\"height\":88,\"caption\":\"RatTech\"},\"image\":{\"@id\":\"https:\/\/www.rattech.com\/en\/#\/schema\/logo\/image\/\"}}]}<\/script>\n<!-- \/ Yoast SEO plugin. -->","yoast_head_json":{"title":"Blog - RatTech","robots":{"index":"index","follow":"follow","max-snippet":"max-snippet:-1","max-image-preview":"max-image-preview:large","max-video-preview":"max-video-preview:-1"},"canonical":"https:\/\/www.rattech.com\/en\/blog\/","og_locale":"en_GB","og_type":"article","og_title":"Blog - RatTech","og_description":"Blog Rotteproblemer koster virksomheder dyrt. Invester i en digital skadedyrsl\u00f8sning, hvor vi aktivt bek\u00e6mper rotter p\u00e5 din ejendom. Bestil f\u00e6lder","og_url":"https:\/\/www.rattech.com\/en\/blog\/","og_site_name":"RatTech","article_modified_time":"2025-11-25T07:50:48+00:00","og_image":[{"width":614,"height":498,"url":"https:\/\/www.rattech.com\/wp-content\/uploads\/2024\/10\/rat.png","type":"image\/png"}],"twitter_card":"summary_large_image","twitter_misc":{"Estimated reading time":"2 minutes"},"schema":{"@context":"https:\/\/schema.org","@graph":[{"@type":"WebPage","@id":"https:\/\/www.rattech.com\/blog\/","url":"https:\/\/www.rattech.com\/blog\/","name":"Blog - RatTech","isPartOf":{"@id":"https:\/\/www.rattech.com\/en\/#website"},"primaryImageOfPage":{"@id":"https:\/\/www.rattech.com\/blog\/#primaryimage"},"image":{"@id":"https:\/\/www.rattech.com\/blog\/#primaryimage"},"thumbnailUrl":"https:\/\/www.rattech.com\/wp-content\/uploads\/2024\/10\/rat.png","datePublished":"2025-11-25T07:46:42+00:00","dateModified":"2025-11-25T07:50:48+00:00","breadcrumb":{"@id":"https:\/\/www.rattech.com\/blog\/#breadcrumb"},"inLanguage":"en-GB","potentialAction":[{"@type":"ReadAction","target":["https:\/\/www.rattech.com\/blog\/"]}]},{"@type":"ImageObject","inLanguage":"en-GB","@id":"https:\/\/www.rattech.com\/blog\/#primaryimage","url":"https:\/\/www.rattech.com\/wp-content\/uploads\/2024\/10\/rat.png","contentUrl":"https:\/\/www.rattech.com\/wp-content\/uploads\/2024\/10\/rat.png"},{"@type":"BreadcrumbList","@id":"https:\/\/www.rattech.com\/blog\/#breadcrumb","itemListElement":[{"@type":"ListItem","position":1,"name":"Home","item":"https:\/\/www.rattech.com\/en\/"},{"@type":"ListItem","position":2,"name":"Blog"}]},{"@type":"WebSite","@id":"https:\/\/www.rattech.com\/en\/#website","url":"https:\/\/www.rattech.com\/en\/","name":"RatTech","description":"","publisher":{"@id":"https:\/\/www.rattech.com\/en\/#organization"},"potentialAction":[{"@type":"SearchAction","target":{"@type":"EntryPoint","urlTemplate":"https:\/\/www.rattech.com\/en\/?s={search_term_string}"},"query-input":{"@type":"PropertyValueSpecification","valueRequired":true,"valueName":"search_term_string"}}],"inLanguage":"en-GB"},{"@type":"Organization","@id":"https:\/\/www.rattech.com\/en\/#organization","name":"RatTech","url":"https:\/\/www.rattech.com\/en\/","logo":{"@type":"ImageObject","inLanguage":"en-GB","@id":"https:\/\/www.rattech.com\/en\/#\/schema\/logo\/image\/","url":"https:\/\/www.rattech.com\/wp-content\/uploads\/2024\/06\/rattech.svg","contentUrl":"https:\/\/www.rattech.com\/wp-content\/uploads\/2024\/06\/rattech.svg","width":261,"height":88,"caption":"RatTech"},"image":{"@id":"https:\/\/www.rattech.com\/en\/#\/schema\/logo\/image\/"}}]}},"_links":{"self":[{"href":"https:\/\/www.rattech.com\/en\/wp-json\/wp\/v2\/pages\/1097","targetHints":{"allow":["GET"]}}],"collection":[{"href":"https:\/\/www.rattech.com\/en\/wp-json\/wp\/v2\/pages"}],"about":[{"href":"https:\/\/www.rattech.com\/en\/wp-json\/wp\/v2\/types\/page"}],"author":[{"embeddable":true,"href":"https:\/\/www.rattech.com\/en\/wp-json\/wp\/v2\/users\/6"}],"replies":[{"embeddable":true,"href":"https:\/\/www.rattech.com\/en\/wp-json\/wp\/v2\/comments?post=1097"}],"version-history":[{"count":10,"href":"https:\/\/www.rattech.com\/en\/wp-json\/wp\/v2\/pages\/1097\/revisions"}],"predecessor-version":[{"id":1111,"href":"https:\/\/www.rattech.com\/en\/wp-json\/wp\/v2\/pages\/1097\/revisions\/1111"}],"wp:attachment":[{"href":"https:\/\/www.rattech.com\/en\/wp-json\/wp\/v2\/media?parent=1097"}],"curies":[{"name":"wp","href":"https:\/\/api.w.org\/{rel}","templated":true}]}}