{"id":362,"date":"2024-10-07T01:21:50","date_gmt":"2024-10-07T01:21:50","guid":{"rendered":"https:\/\/rattech.stging.dk\/?post_type=product&#038;p=362"},"modified":"2025-11-03T10:44:07","modified_gmt":"2025-11-03T10:44:07","slug":"abonnement","status":"publish","type":"product","link":"https:\/\/www.rattech.com\/en\/product\/abonnement\/","title":{"rendered":"Subscription"},"content":{"rendered":"<p>Monthly subscription to digital trap monitoring and instant and direct notification of trap triggering to your favourite pest control company. The digital monitoring ensures systematic rat monitoring of your property and statistical overview of incidents and emptying for your ESG report.<\/p>\n<h3>Subscription includes...<\/h3>\n<ul>\n<li>SIM card<\/li>\n<li>Coding traps<\/li>\n<li>Digital trap monitoring around the clock<\/li>\n<li>Notifications when an alarm is triggered<\/li>\n<li>Trap servicing and system maintenance<\/li>\n<li>Statistics about your pest situation<\/li>\n<li>Guarantee<\/li>\n<\/ul>\n<p>Price is exclusive of VAT<\/p>","protected":false},"excerpt":{"rendered":"<p>Monthly subscription to digital trap monitoring and instant and direct notification of trap triggering to your favourite pest control company. The digital monitoring ensures systematic rat monitoring of your property and statistical overview of incidents and emptying for your ESG report. Subscription includes... Sim card Coding of traps Digital monitoring of traps around the clock Notifications when triggered [...]<\/p>","protected":false},"featured_media":674,"template":"","meta":{"_acf_changed":false},"product_brand":[],"product_cat":[23],"product_tag":[],"class_list":{"0":"post-362","1":"product","2":"type-product","3":"status-publish","4":"has-post-thumbnail","6":"product_cat-subscriptions","8":"first","9":"instock","10":"taxable","11":"shipping-taxable","12":"purchasable","13":"product-type-reepay_simple_subscriptions"},"acf":[],"yoast_head":"<!-- This site is optimized with the Yoast SEO plugin v26.5 - https:\/\/yoast.com\/wordpress\/plugins\/seo\/ -->\n<title>Abonnement - RatTech<\/title>\n<meta name=\"robots\" content=\"index, follow, max-snippet:-1, max-image-preview:large, max-video-preview:-1\" \/>\n<link rel=\"canonical\" href=\"https:\/\/www.rattech.com\/en\/product\/abonnement\/\" \/>\n<meta property=\"og:locale\" content=\"en_GB\" \/>\n<meta property=\"og:type\" content=\"article\" \/>\n<meta property=\"og:title\" content=\"Abonnement - RatTech\" \/>\n<meta property=\"og:description\" content=\"M\u00e5nedligt abonnement p\u00e5 digital overv\u00e5gning af f\u00e6lder samt \u00f8jeblikkelig og direkte besked ved udl\u00f8sning af f\u00e6lder til din foretrukne skadedyrsbek\u00e6mper. Den digitale overv\u00e5gning sikrer en systematisk rotteoverv\u00e5gning af din ejendom og statistisk overblik over h\u00e6ndelser og t\u00f8mning til din ESG-rapport. Abonnement indeholder&#8230; Sim-kort Kodning af f\u00e6lder Digital overv\u00e5gning af f\u00e6lder d\u00f8gnet rundt Notifikationer v. udl\u00f8sning [&hellip;]\" \/>\n<meta property=\"og:url\" content=\"https:\/\/www.rattech.com\/en\/product\/abonnement\/\" \/>\n<meta property=\"og:site_name\" content=\"RatTech\" \/>\n<meta property=\"article:modified_time\" content=\"2025-11-03T10:44:07+00:00\" \/>\n<meta name=\"twitter:card\" content=\"summary_large_image\" \/>\n<script type=\"application\/ld+json\" class=\"yoast-schema-graph\">{\"@context\":\"https:\/\/schema.org\",\"@graph\":[{\"@type\":\"WebPage\",\"@id\":\"https:\/\/www.rattech.com\/en\/product\/abonnement\/\",\"url\":\"https:\/\/www.rattech.com\/en\/product\/abonnement\/\",\"name\":\"Abonnement - RatTech\",\"isPartOf\":{\"@id\":\"https:\/\/www.rattech.com\/en\/#website\"},\"primaryImageOfPage\":{\"@id\":\"https:\/\/www.rattech.com\/en\/product\/abonnement\/#primaryimage\"},\"image\":{\"@id\":\"https:\/\/www.rattech.com\/en\/product\/abonnement\/#primaryimage\"},\"thumbnailUrl\":\"https:\/\/www.rattech.com\/wp-content\/uploads\/2024\/10\/Group-3214.svg\",\"datePublished\":\"2024-10-07T01:21:50+00:00\",\"dateModified\":\"2025-11-03T10:44:07+00:00\",\"breadcrumb\":{\"@id\":\"https:\/\/www.rattech.com\/en\/product\/abonnement\/#breadcrumb\"},\"inLanguage\":\"en-GB\",\"potentialAction\":[{\"@type\":\"ReadAction\",\"target\":[\"https:\/\/www.rattech.com\/en\/product\/abonnement\/\"]}]},{\"@type\":\"ImageObject\",\"inLanguage\":\"en-GB\",\"@id\":\"https:\/\/www.rattech.com\/en\/product\/abonnement\/#primaryimage\",\"url\":\"https:\/\/www.rattech.com\/wp-content\/uploads\/2024\/10\/Group-3214.svg\",\"contentUrl\":\"https:\/\/www.rattech.com\/wp-content\/uploads\/2024\/10\/Group-3214.svg\",\"width\":204,\"height\":144},{\"@type\":\"BreadcrumbList\",\"@id\":\"https:\/\/www.rattech.com\/en\/product\/abonnement\/#breadcrumb\",\"itemListElement\":[{\"@type\":\"ListItem\",\"position\":1,\"name\":\"Home\",\"item\":\"https:\/\/www.rattech.com\/en\/\"},{\"@type\":\"ListItem\",\"position\":2,\"name\":\"Shop\",\"item\":\"https:\/\/www.rattech.com\/en\/shop\/\"},{\"@type\":\"ListItem\",\"position\":3,\"name\":\"Abonnement\"}]},{\"@type\":\"WebSite\",\"@id\":\"https:\/\/www.rattech.com\/en\/#website\",\"url\":\"https:\/\/www.rattech.com\/en\/\",\"name\":\"RatTech\",\"description\":\"\",\"publisher\":{\"@id\":\"https:\/\/www.rattech.com\/en\/#organization\"},\"potentialAction\":[{\"@type\":\"SearchAction\",\"target\":{\"@type\":\"EntryPoint\",\"urlTemplate\":\"https:\/\/www.rattech.com\/en\/?s={search_term_string}\"},\"query-input\":{\"@type\":\"PropertyValueSpecification\",\"valueRequired\":true,\"valueName\":\"search_term_string\"}}],\"inLanguage\":\"en-GB\"},{\"@type\":\"Organization\",\"@id\":\"https:\/\/www.rattech.com\/en\/#organization\",\"name\":\"RatTech\",\"url\":\"https:\/\/www.rattech.com\/en\/\",\"logo\":{\"@type\":\"ImageObject\",\"inLanguage\":\"en-GB\",\"@id\":\"https:\/\/www.rattech.com\/en\/#\/schema\/logo\/image\/\",\"url\":\"https:\/\/www.rattech.com\/wp-content\/uploads\/2024\/06\/rattech.svg\",\"contentUrl\":\"https:\/\/www.rattech.com\/wp-content\/uploads\/2024\/06\/rattech.svg\",\"width\":261,\"height\":88,\"caption\":\"RatTech\"},\"image\":{\"@id\":\"https:\/\/www.rattech.com\/en\/#\/schema\/logo\/image\/\"}}]}<\/script>\n<!-- \/ Yoast SEO plugin. -->","yoast_head_json":{"title":"Abonnement - RatTech","robots":{"index":"index","follow":"follow","max-snippet":"max-snippet:-1","max-image-preview":"max-image-preview:large","max-video-preview":"max-video-preview:-1"},"canonical":"https:\/\/www.rattech.com\/en\/product\/abonnement\/","og_locale":"en_GB","og_type":"article","og_title":"Abonnement - RatTech","og_description":"M\u00e5nedligt abonnement p\u00e5 digital overv\u00e5gning af f\u00e6lder samt \u00f8jeblikkelig og direkte besked ved udl\u00f8sning af f\u00e6lder til din foretrukne skadedyrsbek\u00e6mper. Den digitale overv\u00e5gning sikrer en systematisk rotteoverv\u00e5gning af din ejendom og statistisk overblik over h\u00e6ndelser og t\u00f8mning til din ESG-rapport. Abonnement indeholder&#8230; Sim-kort Kodning af f\u00e6lder Digital overv\u00e5gning af f\u00e6lder d\u00f8gnet rundt Notifikationer v. udl\u00f8sning [&hellip;]","og_url":"https:\/\/www.rattech.com\/en\/product\/abonnement\/","og_site_name":"RatTech","article_modified_time":"2025-11-03T10:44:07+00:00","twitter_card":"summary_large_image","schema":{"@context":"https:\/\/schema.org","@graph":[{"@type":"WebPage","@id":"https:\/\/www.rattech.com\/en\/product\/abonnement\/","url":"https:\/\/www.rattech.com\/en\/product\/abonnement\/","name":"Abonnement - RatTech","isPartOf":{"@id":"https:\/\/www.rattech.com\/en\/#website"},"primaryImageOfPage":{"@id":"https:\/\/www.rattech.com\/en\/product\/abonnement\/#primaryimage"},"image":{"@id":"https:\/\/www.rattech.com\/en\/product\/abonnement\/#primaryimage"},"thumbnailUrl":"https:\/\/www.rattech.com\/wp-content\/uploads\/2024\/10\/Group-3214.svg","datePublished":"2024-10-07T01:21:50+00:00","dateModified":"2025-11-03T10:44:07+00:00","breadcrumb":{"@id":"https:\/\/www.rattech.com\/en\/product\/abonnement\/#breadcrumb"},"inLanguage":"en-GB","potentialAction":[{"@type":"ReadAction","target":["https:\/\/www.rattech.com\/en\/product\/abonnement\/"]}]},{"@type":"ImageObject","inLanguage":"en-GB","@id":"https:\/\/www.rattech.com\/en\/product\/abonnement\/#primaryimage","url":"https:\/\/www.rattech.com\/wp-content\/uploads\/2024\/10\/Group-3214.svg","contentUrl":"https:\/\/www.rattech.com\/wp-content\/uploads\/2024\/10\/Group-3214.svg","width":204,"height":144},{"@type":"BreadcrumbList","@id":"https:\/\/www.rattech.com\/en\/product\/abonnement\/#breadcrumb","itemListElement":[{"@type":"ListItem","position":1,"name":"Home","item":"https:\/\/www.rattech.com\/en\/"},{"@type":"ListItem","position":2,"name":"Shop","item":"https:\/\/www.rattech.com\/en\/shop\/"},{"@type":"ListItem","position":3,"name":"Abonnement"}]},{"@type":"WebSite","@id":"https:\/\/www.rattech.com\/en\/#website","url":"https:\/\/www.rattech.com\/en\/","name":"RatTech","description":"","publisher":{"@id":"https:\/\/www.rattech.com\/en\/#organization"},"potentialAction":[{"@type":"SearchAction","target":{"@type":"EntryPoint","urlTemplate":"https:\/\/www.rattech.com\/en\/?s={search_term_string}"},"query-input":{"@type":"PropertyValueSpecification","valueRequired":true,"valueName":"search_term_string"}}],"inLanguage":"en-GB"},{"@type":"Organization","@id":"https:\/\/www.rattech.com\/en\/#organization","name":"RatTech","url":"https:\/\/www.rattech.com\/en\/","logo":{"@type":"ImageObject","inLanguage":"en-GB","@id":"https:\/\/www.rattech.com\/en\/#\/schema\/logo\/image\/","url":"https:\/\/www.rattech.com\/wp-content\/uploads\/2024\/06\/rattech.svg","contentUrl":"https:\/\/www.rattech.com\/wp-content\/uploads\/2024\/06\/rattech.svg","width":261,"height":88,"caption":"RatTech"},"image":{"@id":"https:\/\/www.rattech.com\/en\/#\/schema\/logo\/image\/"}}]}},"_links":{"self":[{"href":"https:\/\/www.rattech.com\/en\/wp-json\/wp\/v2\/product\/362","targetHints":{"allow":["GET"]}}],"collection":[{"href":"https:\/\/www.rattech.com\/en\/wp-json\/wp\/v2\/product"}],"about":[{"href":"https:\/\/www.rattech.com\/en\/wp-json\/wp\/v2\/types\/product"}],"wp:featuredmedia":[{"embeddable":true,"href":"https:\/\/www.rattech.com\/en\/wp-json\/wp\/v2\/media\/674"}],"wp:attachment":[{"href":"https:\/\/www.rattech.com\/en\/wp-json\/wp\/v2\/media?parent=362"}],"wp:term":[{"taxonomy":"product_brand","embeddable":true,"href":"https:\/\/www.rattech.com\/en\/wp-json\/wp\/v2\/product_brand?post=362"},{"taxonomy":"product_cat","embeddable":true,"href":"https:\/\/www.rattech.com\/en\/wp-json\/wp\/v2\/product_cat?post=362"},{"taxonomy":"product_tag","embeddable":true,"href":"https:\/\/www.rattech.com\/en\/wp-json\/wp\/v2\/product_tag?post=362"}],"curies":[{"name":"wp","href":"https:\/\/api.w.org\/{rel}","templated":true}]}}