{"id":931,"date":"2023-02-07T10:13:48","date_gmt":"2023-02-07T10:13:48","guid":{"rendered":"https:\/\/rattech.stging.dk\/?post_type=product&#038;p=931"},"modified":"2025-02-13T10:01:39","modified_gmt":"2025-02-13T10:01:39","slug":"foder-til-faelder-ekstra-pakke-100-stk","status":"publish","type":"product","link":"https:\/\/www.rattech.com\/en\/product\/foder-til-faelder-ekstra-pakke-100-stk\/","title":{"rendered":"Food for traps - Extra pack (100 pcs)"},"content":{"rendered":"<p>Non-toxic lure. Nara Lure are allergen-free scent blocks made from a soft polymer material that cannot rot or be eaten by insects. Rodent-specific scents are moulded into the block and are slowly released into the environment. Due to its unique non-toxic properties, the scent blocks are used in many industries where hygiene is crucial. In the food and pharmaceutical industries as well as logistics, the scent blocks are used in rat control. The unique design means that the blocks are also ideal for use in humid and hot environments where normal bait would quickly rot or be washed out.<\/p>\n<p>Pack of 100 extra scent blocks. To be purchased when choosing self-emptying.<\/p>\n<p>The price is per package and excludes VAT.<\/p>\n<p>&nbsp;<\/p>","protected":false},"excerpt":{"rendered":"<p>Non-toxic lure. Nara Lure are allergen-free scent blocks made from a soft polymer material that cannot rot or be eaten by insects. Rodent-specific scents are moulded into the block and are slowly released into the environment. Due to its unique non-toxic properties, the scent blocks are used in many industries where hygiene is crucial. Both in the food and pharmaceutical industries [...]]<\/p>","protected":false},"featured_media":949,"template":"","meta":{"_acf_changed":false},"product_brand":[],"product_cat":[20],"product_tag":[],"class_list":{"0":"post-931","1":"product","2":"type-product","3":"status-publish","4":"has-post-thumbnail","6":"product_cat-additional-products","8":"first","9":"instock","10":"taxable","11":"shipping-taxable","12":"purchasable","13":"product-type-simple"},"acf":[],"yoast_head":"<!-- This site is optimized with the Yoast SEO plugin v26.5 - https:\/\/yoast.com\/wordpress\/plugins\/seo\/ -->\n<title>Foder til f\u00e6lder - Ekstra pakke (100 stk.) - RatTech<\/title>\n<meta name=\"robots\" content=\"index, follow, max-snippet:-1, max-image-preview:large, max-video-preview:-1\" \/>\n<link rel=\"canonical\" href=\"https:\/\/www.rattech.com\/en\/product\/foder-til-faelder-ekstra-pakke-100-stk\/\" \/>\n<meta property=\"og:locale\" content=\"en_GB\" \/>\n<meta property=\"og:type\" content=\"article\" \/>\n<meta property=\"og:title\" content=\"Foder til f\u00e6lder - Ekstra pakke (100 stk.) - RatTech\" \/>\n<meta property=\"og:description\" content=\"Giftfri lokkemad. Nara Lure er allergenfri duftblokke fremstillet i et bl\u00f8dt polymermateriale, der ikke kan r\u00e5dne eller spises af insekter. Der er indst\u00f8bt gnaverspecifikke duftstoffer i blokken, som langsomt frigives til omgivelserne. P\u00e5 grund af sine unikke giftfri egenskaber anvendes duftblokkene inden for mange industrier hvor hygiejne er afg\u00f8rende. B\u00e5de inden for f\u00f8devare- og medicinalindustri [&hellip;]\" \/>\n<meta property=\"og:url\" content=\"https:\/\/www.rattech.com\/en\/product\/foder-til-faelder-ekstra-pakke-100-stk\/\" \/>\n<meta property=\"og:site_name\" content=\"RatTech\" \/>\n<meta property=\"article:modified_time\" content=\"2025-02-13T10:01:39+00:00\" \/>\n<meta property=\"og:image\" content=\"https:\/\/www.rattech.com\/wp-content\/uploads\/2025\/02\/foder.jpg\" \/>\n\t<meta property=\"og:image:width\" content=\"776\" \/>\n\t<meta property=\"og:image:height\" content=\"504\" \/>\n\t<meta property=\"og:image:type\" content=\"image\/jpeg\" \/>\n<meta name=\"twitter:card\" content=\"summary_large_image\" \/>\n<meta name=\"twitter:label1\" content=\"Estimated reading time\" \/>\n\t<meta name=\"twitter:data1\" content=\"1 minute\" \/>\n<script type=\"application\/ld+json\" class=\"yoast-schema-graph\">{\"@context\":\"https:\/\/schema.org\",\"@graph\":[{\"@type\":\"WebPage\",\"@id\":\"https:\/\/www.rattech.com\/en\/product\/foder-til-faelder-ekstra-pakke-100-stk\/\",\"url\":\"https:\/\/www.rattech.com\/en\/product\/foder-til-faelder-ekstra-pakke-100-stk\/\",\"name\":\"Foder til f\u00e6lder - Ekstra pakke (100 stk.) - RatTech\",\"isPartOf\":{\"@id\":\"https:\/\/www.rattech.com\/en\/#website\"},\"primaryImageOfPage\":{\"@id\":\"https:\/\/www.rattech.com\/en\/product\/foder-til-faelder-ekstra-pakke-100-stk\/#primaryimage\"},\"image\":{\"@id\":\"https:\/\/www.rattech.com\/en\/product\/foder-til-faelder-ekstra-pakke-100-stk\/#primaryimage\"},\"thumbnailUrl\":\"https:\/\/www.rattech.com\/wp-content\/uploads\/2025\/02\/foder.jpg\",\"datePublished\":\"2023-02-07T10:13:48+00:00\",\"dateModified\":\"2025-02-13T10:01:39+00:00\",\"breadcrumb\":{\"@id\":\"https:\/\/www.rattech.com\/en\/product\/foder-til-faelder-ekstra-pakke-100-stk\/#breadcrumb\"},\"inLanguage\":\"en-GB\",\"potentialAction\":[{\"@type\":\"ReadAction\",\"target\":[\"https:\/\/www.rattech.com\/en\/product\/foder-til-faelder-ekstra-pakke-100-stk\/\"]}]},{\"@type\":\"ImageObject\",\"inLanguage\":\"en-GB\",\"@id\":\"https:\/\/www.rattech.com\/en\/product\/foder-til-faelder-ekstra-pakke-100-stk\/#primaryimage\",\"url\":\"https:\/\/www.rattech.com\/wp-content\/uploads\/2025\/02\/foder.jpg\",\"contentUrl\":\"https:\/\/www.rattech.com\/wp-content\/uploads\/2025\/02\/foder.jpg\",\"width\":776,\"height\":504},{\"@type\":\"BreadcrumbList\",\"@id\":\"https:\/\/www.rattech.com\/en\/product\/foder-til-faelder-ekstra-pakke-100-stk\/#breadcrumb\",\"itemListElement\":[{\"@type\":\"ListItem\",\"position\":1,\"name\":\"Home\",\"item\":\"https:\/\/www.rattech.com\/en\/\"},{\"@type\":\"ListItem\",\"position\":2,\"name\":\"Shop\",\"item\":\"https:\/\/www.rattech.com\/en\/shop\/\"},{\"@type\":\"ListItem\",\"position\":3,\"name\":\"Foder til f\u00e6lder &#8211; Ekstra pakke (100 stk.)\"}]},{\"@type\":\"WebSite\",\"@id\":\"https:\/\/www.rattech.com\/en\/#website\",\"url\":\"https:\/\/www.rattech.com\/en\/\",\"name\":\"RatTech\",\"description\":\"\",\"publisher\":{\"@id\":\"https:\/\/www.rattech.com\/en\/#organization\"},\"potentialAction\":[{\"@type\":\"SearchAction\",\"target\":{\"@type\":\"EntryPoint\",\"urlTemplate\":\"https:\/\/www.rattech.com\/en\/?s={search_term_string}\"},\"query-input\":{\"@type\":\"PropertyValueSpecification\",\"valueRequired\":true,\"valueName\":\"search_term_string\"}}],\"inLanguage\":\"en-GB\"},{\"@type\":\"Organization\",\"@id\":\"https:\/\/www.rattech.com\/en\/#organization\",\"name\":\"RatTech\",\"url\":\"https:\/\/www.rattech.com\/en\/\",\"logo\":{\"@type\":\"ImageObject\",\"inLanguage\":\"en-GB\",\"@id\":\"https:\/\/www.rattech.com\/en\/#\/schema\/logo\/image\/\",\"url\":\"https:\/\/www.rattech.com\/wp-content\/uploads\/2024\/06\/rattech.svg\",\"contentUrl\":\"https:\/\/www.rattech.com\/wp-content\/uploads\/2024\/06\/rattech.svg\",\"width\":261,\"height\":88,\"caption\":\"RatTech\"},\"image\":{\"@id\":\"https:\/\/www.rattech.com\/en\/#\/schema\/logo\/image\/\"}}]}<\/script>\n<!-- \/ Yoast SEO plugin. -->","yoast_head_json":{"title":"Foder til f\u00e6lder - Ekstra pakke (100 stk.) - RatTech","robots":{"index":"index","follow":"follow","max-snippet":"max-snippet:-1","max-image-preview":"max-image-preview:large","max-video-preview":"max-video-preview:-1"},"canonical":"https:\/\/www.rattech.com\/en\/product\/foder-til-faelder-ekstra-pakke-100-stk\/","og_locale":"en_GB","og_type":"article","og_title":"Foder til f\u00e6lder - Ekstra pakke (100 stk.) - RatTech","og_description":"Giftfri lokkemad. Nara Lure er allergenfri duftblokke fremstillet i et bl\u00f8dt polymermateriale, der ikke kan r\u00e5dne eller spises af insekter. Der er indst\u00f8bt gnaverspecifikke duftstoffer i blokken, som langsomt frigives til omgivelserne. P\u00e5 grund af sine unikke giftfri egenskaber anvendes duftblokkene inden for mange industrier hvor hygiejne er afg\u00f8rende. B\u00e5de inden for f\u00f8devare- og medicinalindustri [&hellip;]","og_url":"https:\/\/www.rattech.com\/en\/product\/foder-til-faelder-ekstra-pakke-100-stk\/","og_site_name":"RatTech","article_modified_time":"2025-02-13T10:01:39+00:00","og_image":[{"width":776,"height":504,"url":"https:\/\/www.rattech.com\/wp-content\/uploads\/2025\/02\/foder.jpg","type":"image\/jpeg"}],"twitter_card":"summary_large_image","twitter_misc":{"Estimated reading time":"1 minute"},"schema":{"@context":"https:\/\/schema.org","@graph":[{"@type":"WebPage","@id":"https:\/\/www.rattech.com\/en\/product\/foder-til-faelder-ekstra-pakke-100-stk\/","url":"https:\/\/www.rattech.com\/en\/product\/foder-til-faelder-ekstra-pakke-100-stk\/","name":"Foder til f\u00e6lder - Ekstra pakke (100 stk.) - RatTech","isPartOf":{"@id":"https:\/\/www.rattech.com\/en\/#website"},"primaryImageOfPage":{"@id":"https:\/\/www.rattech.com\/en\/product\/foder-til-faelder-ekstra-pakke-100-stk\/#primaryimage"},"image":{"@id":"https:\/\/www.rattech.com\/en\/product\/foder-til-faelder-ekstra-pakke-100-stk\/#primaryimage"},"thumbnailUrl":"https:\/\/www.rattech.com\/wp-content\/uploads\/2025\/02\/foder.jpg","datePublished":"2023-02-07T10:13:48+00:00","dateModified":"2025-02-13T10:01:39+00:00","breadcrumb":{"@id":"https:\/\/www.rattech.com\/en\/product\/foder-til-faelder-ekstra-pakke-100-stk\/#breadcrumb"},"inLanguage":"en-GB","potentialAction":[{"@type":"ReadAction","target":["https:\/\/www.rattech.com\/en\/product\/foder-til-faelder-ekstra-pakke-100-stk\/"]}]},{"@type":"ImageObject","inLanguage":"en-GB","@id":"https:\/\/www.rattech.com\/en\/product\/foder-til-faelder-ekstra-pakke-100-stk\/#primaryimage","url":"https:\/\/www.rattech.com\/wp-content\/uploads\/2025\/02\/foder.jpg","contentUrl":"https:\/\/www.rattech.com\/wp-content\/uploads\/2025\/02\/foder.jpg","width":776,"height":504},{"@type":"BreadcrumbList","@id":"https:\/\/www.rattech.com\/en\/product\/foder-til-faelder-ekstra-pakke-100-stk\/#breadcrumb","itemListElement":[{"@type":"ListItem","position":1,"name":"Home","item":"https:\/\/www.rattech.com\/en\/"},{"@type":"ListItem","position":2,"name":"Shop","item":"https:\/\/www.rattech.com\/en\/shop\/"},{"@type":"ListItem","position":3,"name":"Foder til f\u00e6lder &#8211; Ekstra pakke (100 stk.)"}]},{"@type":"WebSite","@id":"https:\/\/www.rattech.com\/en\/#website","url":"https:\/\/www.rattech.com\/en\/","name":"RatTech","description":"","publisher":{"@id":"https:\/\/www.rattech.com\/en\/#organization"},"potentialAction":[{"@type":"SearchAction","target":{"@type":"EntryPoint","urlTemplate":"https:\/\/www.rattech.com\/en\/?s={search_term_string}"},"query-input":{"@type":"PropertyValueSpecification","valueRequired":true,"valueName":"search_term_string"}}],"inLanguage":"en-GB"},{"@type":"Organization","@id":"https:\/\/www.rattech.com\/en\/#organization","name":"RatTech","url":"https:\/\/www.rattech.com\/en\/","logo":{"@type":"ImageObject","inLanguage":"en-GB","@id":"https:\/\/www.rattech.com\/en\/#\/schema\/logo\/image\/","url":"https:\/\/www.rattech.com\/wp-content\/uploads\/2024\/06\/rattech.svg","contentUrl":"https:\/\/www.rattech.com\/wp-content\/uploads\/2024\/06\/rattech.svg","width":261,"height":88,"caption":"RatTech"},"image":{"@id":"https:\/\/www.rattech.com\/en\/#\/schema\/logo\/image\/"}}]}},"_links":{"self":[{"href":"https:\/\/www.rattech.com\/en\/wp-json\/wp\/v2\/product\/931","targetHints":{"allow":["GET"]}}],"collection":[{"href":"https:\/\/www.rattech.com\/en\/wp-json\/wp\/v2\/product"}],"about":[{"href":"https:\/\/www.rattech.com\/en\/wp-json\/wp\/v2\/types\/product"}],"wp:featuredmedia":[{"embeddable":true,"href":"https:\/\/www.rattech.com\/en\/wp-json\/wp\/v2\/media\/949"}],"wp:attachment":[{"href":"https:\/\/www.rattech.com\/en\/wp-json\/wp\/v2\/media?parent=931"}],"wp:term":[{"taxonomy":"product_brand","embeddable":true,"href":"https:\/\/www.rattech.com\/en\/wp-json\/wp\/v2\/product_brand?post=931"},{"taxonomy":"product_cat","embeddable":true,"href":"https:\/\/www.rattech.com\/en\/wp-json\/wp\/v2\/product_cat?post=931"},{"taxonomy":"product_tag","embeddable":true,"href":"https:\/\/www.rattech.com\/en\/wp-json\/wp\/v2\/product_tag?post=931"}],"curies":[{"name":"wp","href":"https:\/\/api.w.org\/{rel}","templated":true}]}}