{"id":875,"date":"2024-09-07T13:21:07","date_gmt":"2024-09-07T13:21:07","guid":{"rendered":"https:\/\/rattech.stging.dk\/?post_type=product&#038;p=875"},"modified":"2025-06-18T07:41:07","modified_gmt":"2025-06-18T07:41:07","slug":"serviceaftale-paa-toemning-af-faelder","status":"publish","type":"product","link":"https:\/\/www.rattech.com\/es\/product\/serviceaftale-paa-toemning-af-faelder\/","title":{"rendered":"Trampas digitales adicionales"},"content":{"rendered":"<p>Compre trampas digitales RatTech adicionales como complemento a su kit de inicio. Esta RatTech es una trampa para ratas digital, ecol\u00f3gica y no t\u00f3xica.<\/p>\n<p>El precio no incluye el IVA<\/p>","protected":false},"excerpt":{"rendered":"<p>Tilk\u00f8b ekstra Digitale RatTech f\u00e6lder som tilf\u00f8jelse til din startpakke. Denne RatTech er en digital, milj\u00f8venlig og giftfri rottef\u00e6lde. Prisen er ekskl. moms<\/p>","protected":false},"featured_media":1013,"template":"","meta":{"_acf_changed":false},"product_brand":[],"product_cat":[20],"product_tag":[],"class_list":{"0":"post-875","1":"product","2":"type-product","3":"status-publish","4":"has-post-thumbnail","6":"product_cat-additional-products","8":"first","9":"instock","10":"taxable","11":"shipping-taxable","12":"purchasable","13":"product-type-simple"},"acf":[],"yoast_head":"<!-- This site is optimized with the Yoast SEO plugin v26.5 - https:\/\/yoast.com\/wordpress\/plugins\/seo\/ -->\n<title>Ekstra Digitale F\u00e6lder - RatTech<\/title>\n<meta name=\"robots\" content=\"index, follow, max-snippet:-1, max-image-preview:large, max-video-preview:-1\" \/>\n<link rel=\"canonical\" href=\"https:\/\/www.rattech.com\/es\/product\/serviceaftale-paa-toemning-af-faelder\/\" \/>\n<meta property=\"og:locale\" content=\"es_ES\" \/>\n<meta property=\"og:type\" content=\"article\" \/>\n<meta property=\"og:title\" content=\"Ekstra Digitale F\u00e6lder - RatTech\" \/>\n<meta property=\"og:description\" content=\"Tilk\u00f8b ekstra Digitale RatTech f\u00e6lder som tilf\u00f8jelse til din startpakke. Denne RatTech er en digital, milj\u00f8venlig og giftfri rottef\u00e6lde. Prisen er ekskl. moms\" \/>\n<meta property=\"og:url\" content=\"https:\/\/www.rattech.com\/es\/product\/serviceaftale-paa-toemning-af-faelder\/\" \/>\n<meta property=\"og:site_name\" content=\"RatTech\" \/>\n<meta property=\"article:modified_time\" content=\"2025-06-18T07:41:07+00:00\" \/>\n<meta property=\"og:image\" content=\"https:\/\/www.rattech.com\/wp-content\/uploads\/2024\/09\/Untitled-680-x-440-px.png\" \/>\n\t<meta property=\"og:image:width\" content=\"680\" \/>\n\t<meta property=\"og:image:height\" content=\"440\" \/>\n\t<meta property=\"og:image:type\" content=\"image\/png\" \/>\n<meta name=\"twitter:card\" content=\"summary_large_image\" \/>\n<script type=\"application\/ld+json\" class=\"yoast-schema-graph\">{\"@context\":\"https:\/\/schema.org\",\"@graph\":[{\"@type\":\"WebPage\",\"@id\":\"https:\/\/www.rattech.com\/pl\/product\/serviceaftale-paa-toemning-af-faelder\/\",\"url\":\"https:\/\/www.rattech.com\/pl\/product\/serviceaftale-paa-toemning-af-faelder\/\",\"name\":\"Ekstra Digitale F\u00e6lder - RatTech\",\"isPartOf\":{\"@id\":\"https:\/\/www.rattech.com\/en\/#website\"},\"primaryImageOfPage\":{\"@id\":\"https:\/\/www.rattech.com\/pl\/product\/serviceaftale-paa-toemning-af-faelder\/#primaryimage\"},\"image\":{\"@id\":\"https:\/\/www.rattech.com\/pl\/product\/serviceaftale-paa-toemning-af-faelder\/#primaryimage\"},\"thumbnailUrl\":\"https:\/\/www.rattech.com\/wp-content\/uploads\/2024\/09\/Untitled-680-x-440-px.png\",\"datePublished\":\"2024-09-07T13:21:07+00:00\",\"dateModified\":\"2025-06-18T07:41:07+00:00\",\"breadcrumb\":{\"@id\":\"https:\/\/www.rattech.com\/pl\/product\/serviceaftale-paa-toemning-af-faelder\/#breadcrumb\"},\"inLanguage\":\"es\",\"potentialAction\":[{\"@type\":\"ReadAction\",\"target\":[\"https:\/\/www.rattech.com\/pl\/product\/serviceaftale-paa-toemning-af-faelder\/\"]}]},{\"@type\":\"ImageObject\",\"inLanguage\":\"es\",\"@id\":\"https:\/\/www.rattech.com\/pl\/product\/serviceaftale-paa-toemning-af-faelder\/#primaryimage\",\"url\":\"https:\/\/www.rattech.com\/wp-content\/uploads\/2024\/09\/Untitled-680-x-440-px.png\",\"contentUrl\":\"https:\/\/www.rattech.com\/wp-content\/uploads\/2024\/09\/Untitled-680-x-440-px.png\",\"width\":680,\"height\":440},{\"@type\":\"BreadcrumbList\",\"@id\":\"https:\/\/www.rattech.com\/pl\/product\/serviceaftale-paa-toemning-af-faelder\/#breadcrumb\",\"itemListElement\":[{\"@type\":\"ListItem\",\"position\":1,\"name\":\"Home\",\"item\":\"https:\/\/www.rattech.com\/en\/\"},{\"@type\":\"ListItem\",\"position\":2,\"name\":\"Shop\",\"item\":\"https:\/\/www.rattech.com\/en\/shop\/\"},{\"@type\":\"ListItem\",\"position\":3,\"name\":\"Ekstra Digitale F\u00e6lder\"}]},{\"@type\":\"WebSite\",\"@id\":\"https:\/\/www.rattech.com\/en\/#website\",\"url\":\"https:\/\/www.rattech.com\/en\/\",\"name\":\"RatTech\",\"description\":\"\",\"publisher\":{\"@id\":\"https:\/\/www.rattech.com\/en\/#organization\"},\"potentialAction\":[{\"@type\":\"SearchAction\",\"target\":{\"@type\":\"EntryPoint\",\"urlTemplate\":\"https:\/\/www.rattech.com\/en\/?s={search_term_string}\"},\"query-input\":{\"@type\":\"PropertyValueSpecification\",\"valueRequired\":true,\"valueName\":\"search_term_string\"}}],\"inLanguage\":\"es\"},{\"@type\":\"Organization\",\"@id\":\"https:\/\/www.rattech.com\/en\/#organization\",\"name\":\"RatTech\",\"url\":\"https:\/\/www.rattech.com\/en\/\",\"logo\":{\"@type\":\"ImageObject\",\"inLanguage\":\"es\",\"@id\":\"https:\/\/www.rattech.com\/en\/#\/schema\/logo\/image\/\",\"url\":\"https:\/\/www.rattech.com\/wp-content\/uploads\/2024\/06\/rattech.svg\",\"contentUrl\":\"https:\/\/www.rattech.com\/wp-content\/uploads\/2024\/06\/rattech.svg\",\"width\":261,\"height\":88,\"caption\":\"RatTech\"},\"image\":{\"@id\":\"https:\/\/www.rattech.com\/en\/#\/schema\/logo\/image\/\"}}]}<\/script>\n<!-- \/ Yoast SEO plugin. -->","yoast_head_json":{"title":"Ekstra Digitale F\u00e6lder - RatTech","robots":{"index":"index","follow":"follow","max-snippet":"max-snippet:-1","max-image-preview":"max-image-preview:large","max-video-preview":"max-video-preview:-1"},"canonical":"https:\/\/www.rattech.com\/es\/product\/serviceaftale-paa-toemning-af-faelder\/","og_locale":"es_ES","og_type":"article","og_title":"Ekstra Digitale F\u00e6lder - RatTech","og_description":"Tilk\u00f8b ekstra Digitale RatTech f\u00e6lder som tilf\u00f8jelse til din startpakke. Denne RatTech er en digital, milj\u00f8venlig og giftfri rottef\u00e6lde. Prisen er ekskl. moms","og_url":"https:\/\/www.rattech.com\/es\/product\/serviceaftale-paa-toemning-af-faelder\/","og_site_name":"RatTech","article_modified_time":"2025-06-18T07:41:07+00:00","og_image":[{"width":680,"height":440,"url":"https:\/\/www.rattech.com\/wp-content\/uploads\/2024\/09\/Untitled-680-x-440-px.png","type":"image\/png"}],"twitter_card":"summary_large_image","schema":{"@context":"https:\/\/schema.org","@graph":[{"@type":"WebPage","@id":"https:\/\/www.rattech.com\/pl\/product\/serviceaftale-paa-toemning-af-faelder\/","url":"https:\/\/www.rattech.com\/pl\/product\/serviceaftale-paa-toemning-af-faelder\/","name":"Ekstra Digitale F\u00e6lder - RatTech","isPartOf":{"@id":"https:\/\/www.rattech.com\/en\/#website"},"primaryImageOfPage":{"@id":"https:\/\/www.rattech.com\/pl\/product\/serviceaftale-paa-toemning-af-faelder\/#primaryimage"},"image":{"@id":"https:\/\/www.rattech.com\/pl\/product\/serviceaftale-paa-toemning-af-faelder\/#primaryimage"},"thumbnailUrl":"https:\/\/www.rattech.com\/wp-content\/uploads\/2024\/09\/Untitled-680-x-440-px.png","datePublished":"2024-09-07T13:21:07+00:00","dateModified":"2025-06-18T07:41:07+00:00","breadcrumb":{"@id":"https:\/\/www.rattech.com\/pl\/product\/serviceaftale-paa-toemning-af-faelder\/#breadcrumb"},"inLanguage":"es","potentialAction":[{"@type":"ReadAction","target":["https:\/\/www.rattech.com\/pl\/product\/serviceaftale-paa-toemning-af-faelder\/"]}]},{"@type":"ImageObject","inLanguage":"es","@id":"https:\/\/www.rattech.com\/pl\/product\/serviceaftale-paa-toemning-af-faelder\/#primaryimage","url":"https:\/\/www.rattech.com\/wp-content\/uploads\/2024\/09\/Untitled-680-x-440-px.png","contentUrl":"https:\/\/www.rattech.com\/wp-content\/uploads\/2024\/09\/Untitled-680-x-440-px.png","width":680,"height":440},{"@type":"BreadcrumbList","@id":"https:\/\/www.rattech.com\/pl\/product\/serviceaftale-paa-toemning-af-faelder\/#breadcrumb","itemListElement":[{"@type":"ListItem","position":1,"name":"Home","item":"https:\/\/www.rattech.com\/en\/"},{"@type":"ListItem","position":2,"name":"Shop","item":"https:\/\/www.rattech.com\/en\/shop\/"},{"@type":"ListItem","position":3,"name":"Ekstra Digitale F\u00e6lder"}]},{"@type":"WebSite","@id":"https:\/\/www.rattech.com\/en\/#website","url":"https:\/\/www.rattech.com\/en\/","name":"RatTech","description":"","publisher":{"@id":"https:\/\/www.rattech.com\/en\/#organization"},"potentialAction":[{"@type":"SearchAction","target":{"@type":"EntryPoint","urlTemplate":"https:\/\/www.rattech.com\/en\/?s={search_term_string}"},"query-input":{"@type":"PropertyValueSpecification","valueRequired":true,"valueName":"search_term_string"}}],"inLanguage":"es"},{"@type":"Organization","@id":"https:\/\/www.rattech.com\/en\/#organization","name":"RatTech","url":"https:\/\/www.rattech.com\/en\/","logo":{"@type":"ImageObject","inLanguage":"es","@id":"https:\/\/www.rattech.com\/en\/#\/schema\/logo\/image\/","url":"https:\/\/www.rattech.com\/wp-content\/uploads\/2024\/06\/rattech.svg","contentUrl":"https:\/\/www.rattech.com\/wp-content\/uploads\/2024\/06\/rattech.svg","width":261,"height":88,"caption":"RatTech"},"image":{"@id":"https:\/\/www.rattech.com\/en\/#\/schema\/logo\/image\/"}}]}},"_links":{"self":[{"href":"https:\/\/www.rattech.com\/es\/wp-json\/wp\/v2\/product\/875","targetHints":{"allow":["GET"]}}],"collection":[{"href":"https:\/\/www.rattech.com\/es\/wp-json\/wp\/v2\/product"}],"about":[{"href":"https:\/\/www.rattech.com\/es\/wp-json\/wp\/v2\/types\/product"}],"wp:featuredmedia":[{"embeddable":true,"href":"https:\/\/www.rattech.com\/es\/wp-json\/wp\/v2\/media\/1013"}],"wp:attachment":[{"href":"https:\/\/www.rattech.com\/es\/wp-json\/wp\/v2\/media?parent=875"}],"wp:term":[{"taxonomy":"product_brand","embeddable":true,"href":"https:\/\/www.rattech.com\/es\/wp-json\/wp\/v2\/product_brand?post=875"},{"taxonomy":"product_cat","embeddable":true,"href":"https:\/\/www.rattech.com\/es\/wp-json\/wp\/v2\/product_cat?post=875"},{"taxonomy":"product_tag","embeddable":true,"href":"https:\/\/www.rattech.com\/es\/wp-json\/wp\/v2\/product_tag?post=875"}],"curies":[{"name":"wp","href":"https:\/\/api.w.org\/{rel}","templated":true}]}}