{"id":1711,"date":"2026-01-06T10:29:03","date_gmt":"2026-01-06T10:29:03","guid":{"rendered":"https:\/\/www.rattech.com\/?page_id=1711"},"modified":"2026-02-06T13:27:32","modified_gmt":"2026-02-06T13:27:32","slug":"sitemap","status":"publish","type":"page","link":"https:\/\/www.rattech.com\/pl\/sitemap\/","title":{"rendered":"Sitemap"},"content":{"rendered":"<div data-elementor-type=\"wp-page\" data-elementor-id=\"1711\" class=\"elementor elementor-1711\" data-elementor-post-type=\"page\">\n\t\t\t\t<div class=\"elementor-element elementor-element-54e5148 e-flex e-con-boxed e-con e-parent\" data-id=\"54e5148\" data-element_type=\"container\" data-settings=\"{&quot;background_background&quot;:&quot;classic&quot;}\">\n\t\t\t\t\t<div class=\"e-con-inner\">\n\t\t<div class=\"elementor-element elementor-element-59093d9 e-con-full e-flex e-con e-child\" data-id=\"59093d9\" data-element_type=\"container\">\n\t\t\t\t<div class=\"elementor-element elementor-element-773136f elementor-widget elementor-widget-heading\" data-id=\"773136f\" data-element_type=\"widget\" data-widget_type=\"heading.default\">\n\t\t\t\t<div class=\"elementor-widget-container\">\n\t\t\t\t\t<h1 class=\"elementor-heading-title elementor-size-default\">Omr\u00e5der<\/h1>\t\t\t\t<\/div>\n\t\t\t\t<\/div>\n\t\t\t\t<div class=\"elementor-element elementor-element-69f5f88 elementor-widget elementor-widget-text-editor\" data-id=\"69f5f88\" data-element_type=\"widget\" data-widget_type=\"text-editor.default\">\n\t\t\t\t<div class=\"elementor-widget-container\">\n\t\t\t\t\t\t\t\t\t<p>Problemy ze szczurami generuj\u0105 wysokie koszty dla firm.\nZainwestuj w cyfrowe rozwi\u0105zanie kontroli szkodnik\u00f3w, kt\u00f3re aktywnie zwalcza szczury na nieruchomo\u015bci.<\/p>\t\t\t\t\t\t\t\t<\/div>\n\t\t\t\t<\/div>\n\t\t\t\t<div class=\"elementor-element elementor-element-a44c037 elementor-widget elementor-widget-button\" data-id=\"a44c037\" data-element_type=\"widget\" data-widget_type=\"button.default\">\n\t\t\t\t<div class=\"elementor-widget-container\">\n\t\t\t\t\t\t\t\t\t<div class=\"elementor-button-wrapper\">\n\t\t\t\t\t<a class=\"elementor-button elementor-button-link elementor-size-sm\" href=\"https:\/\/www.rattech.com\/pl\/shop\/\">\n\t\t\t\t\t\t<span class=\"elementor-button-content-wrapper\">\n\t\t\t\t\t\t\t\t\t<span class=\"elementor-button-text\">Zam\u00f3w pu\u0142apki<\/span>\n\t\t\t\t\t<\/span>\n\t\t\t\t\t<\/a>\n\t\t\t\t<\/div>\n\t\t\t\t\t\t\t\t<\/div>\n\t\t\t\t<\/div>\n\t\t\t\t<\/div>\n\t\t<div class=\"elementor-element elementor-element-da88782 e-con-full e-flex e-con e-child\" data-id=\"da88782\" data-element_type=\"container\">\n\t\t\t\t<div class=\"elementor-element elementor-element-ae9d6fa elementor-widget elementor-widget-image\" data-id=\"ae9d6fa\" data-element_type=\"widget\" data-widget_type=\"image.default\">\n\t\t\t\t<div class=\"elementor-widget-container\">\n\t\t\t\t\t\t\t\t\t\t\t\t\t\t\t\t<a href=\"#elementor-action%3Aaction%3Dpopup%3Aopen%26settings%3DeyJpZCI6IjY0MiIsInRvZ2dsZSI6ZmFsc2V9\">\n\t\t\t\t\t\t\t<img fetchpriority=\"high\" decoding=\"async\" width=\"614\" height=\"498\" src=\"https:\/\/www.rattech.com\/wp-content\/uploads\/2024\/10\/rat.png\" class=\"attachment-large size-large wp-image-637\" alt=\"\" srcset=\"https:\/\/www.rattech.com\/wp-content\/uploads\/2024\/10\/rat.png 614w, https:\/\/www.rattech.com\/wp-content\/uploads\/2024\/10\/rat-300x243.png 300w, https:\/\/www.rattech.com\/wp-content\/uploads\/2024\/10\/rat-600x487.png 600w\" sizes=\"(max-width: 614px) 100vw, 614px\" \/>\t\t\t\t\t\t\t\t<\/a>\n\t\t\t\t\t\t\t\t\t\t\t\t\t\t\t<\/div>\n\t\t\t\t<\/div>\n\t\t\t\t<\/div>\n\t\t\t\t\t<\/div>\n\t\t\t\t<\/div>\n\t\t<div class=\"elementor-element elementor-element-60629d4 e-flex e-con-boxed e-con e-parent\" data-id=\"60629d4\" data-element_type=\"container\">\n\t\t\t\t\t<div class=\"e-con-inner\">\n\t\t\t\t<div class=\"elementor-element elementor-element-7e668d4 elementor-widget elementor-widget-text-editor\" data-id=\"7e668d4\" data-element_type=\"widget\" data-widget_type=\"text-editor.default\">\n\t\t\t\t<div class=\"elementor-widget-container\">\n\t\t\t\t\t\t\t\t\t<h2>Omr\u00e5der<\/h2><ul><li data-start=\"145\" data-end=\"182\"><p data-start=\"147\" data-end=\"182\"><a href=\"https:\/\/www.rattech.com\/pl\/rottebekaempelse-i-ringsted\/\">Skadedyrsbek\u00e6mpelse i Albertslund<\/a><\/p><\/li><li data-start=\"183\" data-end=\"217\"><p data-start=\"185\" data-end=\"217\"><a href=\"https:\/\/www.rattech.com\/pl\/rottebekaempelse-i-bagsvaerd\/\">Skadedyrsbek\u00e6mpelse i Bagsv\u00e6rd<\/a><\/p><\/li><li data-start=\"218\" data-end=\"252\"><p data-start=\"220\" data-end=\"252\"><a href=\"https:\/\/www.rattech.com\/pl\/rottebekaempelse-i-hjemmet\/\">Skadedyrsbek\u00e6mpelse i Ballerup<\/a><\/p><\/li><li data-start=\"253\" data-end=\"286\"><p data-start=\"255\" data-end=\"286\"><a href=\"https:\/\/www.rattech.com\/pl\/rottebekaempelse-i-broendby\/\">Skadedyrsbek\u00e6mpelse i Br\u00f8ndby<\/a><\/p><\/li><li data-start=\"287\" data-end=\"319\"><p data-start=\"289\" data-end=\"319\"><a href=\"https:\/\/www.rattech.com\/pl\/rottebekaempelse-i-dragoer\/\">Skadedyrsbek\u00e6mpelse i Drag\u00f8r<\/a><\/p><\/li><li data-start=\"320\" data-end=\"351\"><p data-start=\"322\" data-end=\"351\"><a href=\"https:\/\/www.rattech.com\/pl\/rottebekaempelse-i-farum\/\">Skadedyrsbek\u00e6mpelse i Farum<\/a><\/p><\/li><li data-start=\"352\" data-end=\"391\"><p data-start=\"354\" data-end=\"391\"><a href=\"https:\/\/www.rattech.com\/pl\/rottebekaempelse-paa-frederikssund\/\">Skadedyrsbek\u00e6mpelse i Frederiksberg<\/a><\/p><\/li><li data-start=\"392\" data-end=\"431\"><p data-start=\"394\" data-end=\"431\"><a href=\"https:\/\/www.rattech.com\/pl\/rottebekaempelse-paa-frederikssund-2\/\">Skadedyrsbek\u00e6mpelse i Frederikssund<\/a><\/p><\/li><li data-start=\"432\" data-end=\"466\"><p data-start=\"434\" data-end=\"466\"><a href=\"https:\/\/www.rattech.com\/pl\/rottebekaempelse-i-gentofte\/\">Skadedyrsbek\u00e6mpelse i Gentofte<\/a><\/p><\/li><li data-start=\"467\" data-end=\"501\"><p data-start=\"469\" data-end=\"501\"><a href=\"https:\/\/www.rattech.com\/pl\/rottebekaempelse-i-glostrup\/\">Skadedyrsbek\u00e6mpelse i Glostrup<\/a><\/p><\/li><li data-start=\"502\" data-end=\"533\"><p data-start=\"504\" data-end=\"533\"><a href=\"https:\/\/www.rattech.com\/pl\/rottebekaempelse-i-greve\/\">Skadedyrsbek\u00e6mpelse i Greve<\/a><\/p><\/li><li data-start=\"534\" data-end=\"569\"><p data-start=\"536\" data-end=\"569\"><a href=\"https:\/\/www.rattech.com\/pl\/rottebekaempelse-i-helsingoer\/\">Skadedyrsbek\u00e6mpelse i Helsing\u00f8r<\/a><\/p><\/li><li data-start=\"570\" data-end=\"602\"><p data-start=\"572\" data-end=\"602\"><a href=\"https:\/\/www.rattech.com\/pl\/rottebekaempelse-i-herlev\/\">Skadedyrsbek\u00e6mpelse i Herlev<\/a><\/p><\/li><li data-start=\"603\" data-end=\"637\"><p data-start=\"605\" data-end=\"637\"><a href=\"https:\/\/www.rattech.com\/pl\/rottebekaempelse-i-hilleroed\/\">Skadedyrsbek\u00e6mpelse i Hiller\u00f8d<\/a><\/p><\/li><li data-start=\"638\" data-end=\"670\"><p data-start=\"640\" data-end=\"670\"><a href=\"https:\/\/www.rattech.com\/pl\/rottebekaempelse-i-holbaek\/\">Skadedyrsbek\u00e6mpelse i Holb\u00e6k<\/a><\/p><\/li><li data-start=\"671\" data-end=\"705\"><p data-start=\"673\" data-end=\"705\"><a href=\"https:\/\/www.rattech.com\/pl\/rottebekaempelse-i-ringsted-2\/\">Skadedyrsbek\u00e6mpelse i Hvidovre<\/a><\/p><\/li><li><a href=\"https:\/\/www.rattech.com\/pl\/rottebekaempelse-paa-frederiksberg\/\">Skadedyrsbek\u00e6mpelse i H\u00f8rsholm<\/a><\/li><li data-start=\"706\" data-end=\"737\"><p data-start=\"708\" data-end=\"737\"><a href=\"https:\/\/www.rattech.com\/pl\/rottebekaempelse-paa-ishoej\/\">Skadedyrsbek\u00e6mpelse i Ish\u00f8j<\/a><\/p><\/li><li data-start=\"738\" data-end=\"768\"><p data-start=\"740\" data-end=\"768\"><a href=\"https:\/\/www.rattech.com\/pl\/rottebekaempelse-i-koege\/\">Skadedyrsbek\u00e6mpelse i K\u00f8ge<\/a><\/p><\/li><li data-start=\"769\" data-end=\"803\"><p data-start=\"771\" data-end=\"803\"><a href=\"https:\/\/www.rattech.com\/pl\/rottebekaempelse-i-ringsted-3\/\">Skadedyrsbek\u00e6mpelse i Ringsted<\/a><\/p><\/li><li data-start=\"804\" data-end=\"838\"><p data-start=\"806\" data-end=\"838\"><a href=\"https:\/\/www.rattech.com\/pl\/rottebekaempelse-i-roskilde\/\">Skadedyrsbek\u00e6mpelse i Roskilde<\/a><\/p><\/li><li data-start=\"839\" data-end=\"872\"><p data-start=\"841\" data-end=\"872\"><a href=\"https:\/\/www.rattech.com\/pl\/rottebekaempelse-i-roedovre\/\">Skadedyrsbek\u00e6mpelse i R\u00f8dovre<\/a><\/p><\/li><li data-start=\"873\" data-end=\"907\"><p data-start=\"875\" data-end=\"907\"><a href=\"https:\/\/www.rattech.com\/pl\/rottebekaempelse-i-taastrup\/\">Skadedyrsbek\u00e6mpelse i Taastrup<\/a><\/p><\/li><li data-start=\"908\" data-end=\"939\"><p data-start=\"910\" data-end=\"939\"><a href=\"https:\/\/www.rattech.com\/pl\/rottebekaempelse-i-valby\/\">Skadedyrsbek\u00e6mpelse i Valby<\/a><\/p><\/li><\/ul>\t\t\t\t\t\t\t\t<\/div>\n\t\t\t\t<\/div>\n\t\t\t\t\t<\/div>\n\t\t\t\t<\/div>\n\t\t\t\t<\/div>","protected":false},"excerpt":{"rendered":"<p>Omr\u00e5der Rotteproblemer koster virksomheder dyrt. Invester i en digital skadedyrsl\u00f8sning, hvor vi aktivt bek\u00e6mper rotter p\u00e5 din ejendom. Bestil f\u00e6lder Omr\u00e5der Skadedyrsbek\u00e6mpelse i Albertslund Skadedyrsbek\u00e6mpelse i Bagsv\u00e6rd Skadedyrsbek\u00e6mpelse i Ballerup Skadedyrsbek\u00e6mpelse i Br\u00f8ndby Skadedyrsbek\u00e6mpelse i Drag\u00f8r Skadedyrsbek\u00e6mpelse i Farum Skadedyrsbek\u00e6mpelse i Frederiksberg Skadedyrsbek\u00e6mpelse i Frederikssund Skadedyrsbek\u00e6mpelse i Gentofte Skadedyrsbek\u00e6mpelse i Glostrup Skadedyrsbek\u00e6mpelse i Greve Skadedyrsbek\u00e6mpelse [&hellip;]<\/p>","protected":false},"author":6,"featured_media":0,"parent":0,"menu_order":0,"comment_status":"closed","ping_status":"closed","template":"elementor_header_footer","meta":{"_acf_changed":false,"footnotes":""},"class_list":["post-1711","page","type-page","status-publish","hentry"],"acf":[],"yoast_head":"<!-- This site is optimized with the Yoast SEO plugin v26.5 - https:\/\/yoast.com\/wordpress\/plugins\/seo\/ -->\n<title>Sitemap - RatTech<\/title>\n<meta name=\"robots\" content=\"index, follow, max-snippet:-1, max-image-preview:large, max-video-preview:-1\" \/>\n<link rel=\"canonical\" href=\"https:\/\/www.rattech.com\/pl\/sitemap\/\" \/>\n<meta property=\"og:locale\" content=\"pl_PL\" \/>\n<meta property=\"og:type\" content=\"article\" \/>\n<meta property=\"og:title\" content=\"Sitemap - RatTech\" \/>\n<meta property=\"og:description\" content=\"Omr\u00e5der Rotteproblemer koster virksomheder dyrt. Invester i en digital skadedyrsl\u00f8sning, hvor vi aktivt bek\u00e6mper rotter p\u00e5 din ejendom. Bestil f\u00e6lder Omr\u00e5der Skadedyrsbek\u00e6mpelse i Albertslund Skadedyrsbek\u00e6mpelse i Bagsv\u00e6rd Skadedyrsbek\u00e6mpelse i Ballerup Skadedyrsbek\u00e6mpelse i Br\u00f8ndby Skadedyrsbek\u00e6mpelse i Drag\u00f8r Skadedyrsbek\u00e6mpelse i Farum Skadedyrsbek\u00e6mpelse i Frederiksberg Skadedyrsbek\u00e6mpelse i Frederikssund Skadedyrsbek\u00e6mpelse i Gentofte Skadedyrsbek\u00e6mpelse i Glostrup Skadedyrsbek\u00e6mpelse i Greve Skadedyrsbek\u00e6mpelse [&hellip;]\" \/>\n<meta property=\"og:url\" content=\"https:\/\/www.rattech.com\/pl\/sitemap\/\" \/>\n<meta property=\"og:site_name\" content=\"RatTech\" \/>\n<meta property=\"article:modified_time\" content=\"2026-02-06T13:27:32+00:00\" \/>\n<meta property=\"og:image\" content=\"https:\/\/www.rattech.com\/wp-content\/uploads\/2024\/10\/rat.png\" \/>\n\t<meta property=\"og:image:width\" content=\"614\" \/>\n\t<meta property=\"og:image:height\" content=\"498\" \/>\n\t<meta property=\"og:image:type\" content=\"image\/png\" \/>\n<meta name=\"twitter:card\" content=\"summary_large_image\" \/>\n<meta name=\"twitter:label1\" content=\"Szacowany czas czytania\" \/>\n\t<meta name=\"twitter:data1\" content=\"1 minuta\" \/>\n<script type=\"application\/ld+json\" class=\"yoast-schema-graph\">{\"@context\":\"https:\/\/schema.org\",\"@graph\":[{\"@type\":\"WebPage\",\"@id\":\"https:\/\/www.rattech.com\/sitemap\/\",\"url\":\"https:\/\/www.rattech.com\/sitemap\/\",\"name\":\"Sitemap - RatTech\",\"isPartOf\":{\"@id\":\"https:\/\/www.rattech.com\/en\/#website\"},\"primaryImageOfPage\":{\"@id\":\"https:\/\/www.rattech.com\/sitemap\/#primaryimage\"},\"image\":{\"@id\":\"https:\/\/www.rattech.com\/sitemap\/#primaryimage\"},\"thumbnailUrl\":\"https:\/\/www.rattech.com\/wp-content\/uploads\/2024\/10\/rat.png\",\"datePublished\":\"2026-01-06T10:29:03+00:00\",\"dateModified\":\"2026-02-06T13:27:32+00:00\",\"breadcrumb\":{\"@id\":\"https:\/\/www.rattech.com\/sitemap\/#breadcrumb\"},\"inLanguage\":\"pl-PL\",\"potentialAction\":[{\"@type\":\"ReadAction\",\"target\":[\"https:\/\/www.rattech.com\/sitemap\/\"]}]},{\"@type\":\"ImageObject\",\"inLanguage\":\"pl-PL\",\"@id\":\"https:\/\/www.rattech.com\/sitemap\/#primaryimage\",\"url\":\"https:\/\/www.rattech.com\/wp-content\/uploads\/2024\/10\/rat.png\",\"contentUrl\":\"https:\/\/www.rattech.com\/wp-content\/uploads\/2024\/10\/rat.png\"},{\"@type\":\"BreadcrumbList\",\"@id\":\"https:\/\/www.rattech.com\/sitemap\/#breadcrumb\",\"itemListElement\":[{\"@type\":\"ListItem\",\"position\":1,\"name\":\"Home\",\"item\":\"https:\/\/www.rattech.com\/en\/\"},{\"@type\":\"ListItem\",\"position\":2,\"name\":\"Sitemap\"}]},{\"@type\":\"WebSite\",\"@id\":\"https:\/\/www.rattech.com\/en\/#website\",\"url\":\"https:\/\/www.rattech.com\/en\/\",\"name\":\"RatTech\",\"description\":\"\",\"publisher\":{\"@id\":\"https:\/\/www.rattech.com\/en\/#organization\"},\"potentialAction\":[{\"@type\":\"SearchAction\",\"target\":{\"@type\":\"EntryPoint\",\"urlTemplate\":\"https:\/\/www.rattech.com\/en\/?s={search_term_string}\"},\"query-input\":{\"@type\":\"PropertyValueSpecification\",\"valueRequired\":true,\"valueName\":\"search_term_string\"}}],\"inLanguage\":\"pl-PL\"},{\"@type\":\"Organization\",\"@id\":\"https:\/\/www.rattech.com\/en\/#organization\",\"name\":\"RatTech\",\"url\":\"https:\/\/www.rattech.com\/en\/\",\"logo\":{\"@type\":\"ImageObject\",\"inLanguage\":\"pl-PL\",\"@id\":\"https:\/\/www.rattech.com\/en\/#\/schema\/logo\/image\/\",\"url\":\"https:\/\/www.rattech.com\/wp-content\/uploads\/2024\/06\/rattech.svg\",\"contentUrl\":\"https:\/\/www.rattech.com\/wp-content\/uploads\/2024\/06\/rattech.svg\",\"width\":261,\"height\":88,\"caption\":\"RatTech\"},\"image\":{\"@id\":\"https:\/\/www.rattech.com\/en\/#\/schema\/logo\/image\/\"}}]}<\/script>\n<!-- \/ Yoast SEO plugin. -->","yoast_head_json":{"title":"Sitemap - RatTech","robots":{"index":"index","follow":"follow","max-snippet":"max-snippet:-1","max-image-preview":"max-image-preview:large","max-video-preview":"max-video-preview:-1"},"canonical":"https:\/\/www.rattech.com\/pl\/sitemap\/","og_locale":"pl_PL","og_type":"article","og_title":"Sitemap - RatTech","og_description":"Omr\u00e5der Rotteproblemer koster virksomheder dyrt. Invester i en digital skadedyrsl\u00f8sning, hvor vi aktivt bek\u00e6mper rotter p\u00e5 din ejendom. Bestil f\u00e6lder Omr\u00e5der Skadedyrsbek\u00e6mpelse i Albertslund Skadedyrsbek\u00e6mpelse i Bagsv\u00e6rd Skadedyrsbek\u00e6mpelse i Ballerup Skadedyrsbek\u00e6mpelse i Br\u00f8ndby Skadedyrsbek\u00e6mpelse i Drag\u00f8r Skadedyrsbek\u00e6mpelse i Farum Skadedyrsbek\u00e6mpelse i Frederiksberg Skadedyrsbek\u00e6mpelse i Frederikssund Skadedyrsbek\u00e6mpelse i Gentofte Skadedyrsbek\u00e6mpelse i Glostrup Skadedyrsbek\u00e6mpelse i Greve Skadedyrsbek\u00e6mpelse [&hellip;]","og_url":"https:\/\/www.rattech.com\/pl\/sitemap\/","og_site_name":"RatTech","article_modified_time":"2026-02-06T13:27:32+00:00","og_image":[{"width":614,"height":498,"url":"https:\/\/www.rattech.com\/wp-content\/uploads\/2024\/10\/rat.png","type":"image\/png"}],"twitter_card":"summary_large_image","twitter_misc":{"Szacowany czas czytania":"1 minuta"},"schema":{"@context":"https:\/\/schema.org","@graph":[{"@type":"WebPage","@id":"https:\/\/www.rattech.com\/sitemap\/","url":"https:\/\/www.rattech.com\/sitemap\/","name":"Sitemap - RatTech","isPartOf":{"@id":"https:\/\/www.rattech.com\/en\/#website"},"primaryImageOfPage":{"@id":"https:\/\/www.rattech.com\/sitemap\/#primaryimage"},"image":{"@id":"https:\/\/www.rattech.com\/sitemap\/#primaryimage"},"thumbnailUrl":"https:\/\/www.rattech.com\/wp-content\/uploads\/2024\/10\/rat.png","datePublished":"2026-01-06T10:29:03+00:00","dateModified":"2026-02-06T13:27:32+00:00","breadcrumb":{"@id":"https:\/\/www.rattech.com\/sitemap\/#breadcrumb"},"inLanguage":"pl-PL","potentialAction":[{"@type":"ReadAction","target":["https:\/\/www.rattech.com\/sitemap\/"]}]},{"@type":"ImageObject","inLanguage":"pl-PL","@id":"https:\/\/www.rattech.com\/sitemap\/#primaryimage","url":"https:\/\/www.rattech.com\/wp-content\/uploads\/2024\/10\/rat.png","contentUrl":"https:\/\/www.rattech.com\/wp-content\/uploads\/2024\/10\/rat.png"},{"@type":"BreadcrumbList","@id":"https:\/\/www.rattech.com\/sitemap\/#breadcrumb","itemListElement":[{"@type":"ListItem","position":1,"name":"Home","item":"https:\/\/www.rattech.com\/en\/"},{"@type":"ListItem","position":2,"name":"Sitemap"}]},{"@type":"WebSite","@id":"https:\/\/www.rattech.com\/en\/#website","url":"https:\/\/www.rattech.com\/en\/","name":"RatTech","description":"","publisher":{"@id":"https:\/\/www.rattech.com\/en\/#organization"},"potentialAction":[{"@type":"SearchAction","target":{"@type":"EntryPoint","urlTemplate":"https:\/\/www.rattech.com\/en\/?s={search_term_string}"},"query-input":{"@type":"PropertyValueSpecification","valueRequired":true,"valueName":"search_term_string"}}],"inLanguage":"pl-PL"},{"@type":"Organization","@id":"https:\/\/www.rattech.com\/en\/#organization","name":"RatTech","url":"https:\/\/www.rattech.com\/en\/","logo":{"@type":"ImageObject","inLanguage":"pl-PL","@id":"https:\/\/www.rattech.com\/en\/#\/schema\/logo\/image\/","url":"https:\/\/www.rattech.com\/wp-content\/uploads\/2024\/06\/rattech.svg","contentUrl":"https:\/\/www.rattech.com\/wp-content\/uploads\/2024\/06\/rattech.svg","width":261,"height":88,"caption":"RatTech"},"image":{"@id":"https:\/\/www.rattech.com\/en\/#\/schema\/logo\/image\/"}}]}},"_links":{"self":[{"href":"https:\/\/www.rattech.com\/pl\/wp-json\/wp\/v2\/pages\/1711","targetHints":{"allow":["GET"]}}],"collection":[{"href":"https:\/\/www.rattech.com\/pl\/wp-json\/wp\/v2\/pages"}],"about":[{"href":"https:\/\/www.rattech.com\/pl\/wp-json\/wp\/v2\/types\/page"}],"author":[{"embeddable":true,"href":"https:\/\/www.rattech.com\/pl\/wp-json\/wp\/v2\/users\/6"}],"replies":[{"embeddable":true,"href":"https:\/\/www.rattech.com\/pl\/wp-json\/wp\/v2\/comments?post=1711"}],"version-history":[{"count":64,"href":"https:\/\/www.rattech.com\/pl\/wp-json\/wp\/v2\/pages\/1711\/revisions"}],"predecessor-version":[{"id":1825,"href":"https:\/\/www.rattech.com\/pl\/wp-json\/wp\/v2\/pages\/1711\/revisions\/1825"}],"wp:attachment":[{"href":"https:\/\/www.rattech.com\/pl\/wp-json\/wp\/v2\/media?parent=1711"}],"curies":[{"name":"wp","href":"https:\/\/api.w.org\/{rel}","templated":true}]}}