{"id":874,"date":"2024-10-02T13:19:37","date_gmt":"2024-10-02T13:19:37","guid":{"rendered":"https:\/\/rattech.stging.dk\/?post_type=product&#038;p=874"},"modified":"2025-02-07T09:57:20","modified_gmt":"2025-02-07T09:57:20","slug":"grundpakke","status":"publish","type":"product","link":"https:\/\/www.rattech.com\/pl\/product\/grundpakke\/","title":{"rendered":"Pakiet podstawowy"},"content":{"rendered":"<p>Zabezpiecz swoj\u0105 nieruchomo\u015b\u0107 przed szczurami dzi\u0119ki cyfrowej kontroli szczur\u00f3w RatTech. Pakiet podstawowy obejmuje r\u00f3wnowarto\u015b\u0107 1 nieruchomo\u015bci. Pu\u0142apki s\u0105 dostarczane i konfigurowane wraz z pierwsz\u0105 tur\u0105 karmy. Istnieje mo\u017cliwo\u015b\u0107 dokupienia dodatkowej karmy. Dokonaj przegl\u0105du swojej nieruchomo\u015bci, aby zapewni\u0107 optymaln\u0105 ochron\u0119 od samego pocz\u0105tku.<\/p>\n<h3>Otrzymujesz...<\/h3>\n<ul>\n<li>10 pu\u0142apek<\/li>\n<li>Jeden router<\/li>\n<li>Kodowanie, konfigurowanie, zabezpieczanie, \u0142\u0105czenie i aktywowanie pu\u0142apek<\/li>\n<\/ul>\n<p>Cena nie zawiera podatku VAT.<\/p>","protected":false},"excerpt":{"rendered":"<p>Zabezpiecz swoj\u0105 nieruchomo\u015b\u0107 przed szczurami dzi\u0119ki cyfrowej kontroli szczur\u00f3w RatTech. Pakiet podstawowy obejmuje r\u00f3wnowarto\u015b\u0107 1 nieruchomo\u015bci. Pu\u0142apki s\u0105 dostarczane i konfigurowane wraz z pierwsz\u0105 tur\u0105 karmy. Istnieje mo\u017cliwo\u015b\u0107 dokupienia dodatkowej karmy. Zakup przegl\u0105d nieruchomo\u015bci, aby zapewni\u0107 optymaln\u0105 ochron\u0119 od samego pocz\u0105tku. Otrzymujesz... 10 pu\u0142apek Jeden router Kodowanie, konfiguracja, zabezpieczenie, pod\u0142\u0105czenie i aktywacja pu\u0142apek Cena wynosi [...].<\/p>","protected":false},"featured_media":916,"template":"","meta":{"_acf_changed":false},"product_brand":[],"product_cat":[23],"product_tag":[],"class_list":{"0":"post-874","1":"product","2":"type-product","3":"status-publish","4":"has-post-thumbnail","6":"product_cat-subscriptions","8":"first","9":"instock","10":"taxable","11":"shipping-taxable","12":"purchasable","13":"product-type-simple"},"acf":[],"yoast_head":"<!-- This site is optimized with the Yoast SEO plugin v26.5 - https:\/\/yoast.com\/wordpress\/plugins\/seo\/ -->\n<title>Grundpakke - RatTech<\/title>\n<meta name=\"robots\" content=\"index, follow, max-snippet:-1, max-image-preview:large, max-video-preview:-1\" \/>\n<link rel=\"canonical\" href=\"https:\/\/www.rattech.com\/pl\/product\/grundpakke\/\" \/>\n<meta property=\"og:locale\" content=\"pl_PL\" \/>\n<meta property=\"og:type\" content=\"article\" \/>\n<meta property=\"og:title\" content=\"Grundpakke - RatTech\" \/>\n<meta property=\"og:description\" content=\"F\u00e5 rottesikret din ejendom med RatTechs digitale rottebek\u00e6mpelse. Grundpakken d\u00e6kker hvad der svarer til 1 ejendom. F\u00e6lder leveres og ops\u00e6ttes med f\u00f8rste omgang foder. Yderligere foder kan tilk\u00f8bes. Tilk\u00f8b en gennemgang af din ejendom for optimal sikring fra start. Du f\u00e5r&#8230; 10 f\u00e6lder \u00c9n router Kodning, ops\u00e6tning, sikring, tilslutning og aktivering af f\u00e6lder Prisen er [&hellip;]\" \/>\n<meta property=\"og:url\" content=\"https:\/\/www.rattech.com\/pl\/product\/grundpakke\/\" \/>\n<meta property=\"og:site_name\" content=\"RatTech\" \/>\n<meta property=\"article:modified_time\" content=\"2025-02-07T09:57:20+00:00\" \/>\n<meta property=\"og:image\" content=\"https:\/\/www.rattech.com\/wp-content\/uploads\/2024\/10\/rattech1.jpg\" \/>\n\t<meta property=\"og:image:width\" content=\"1200\" \/>\n\t<meta property=\"og:image:height\" content=\"779\" \/>\n\t<meta property=\"og:image:type\" content=\"image\/jpeg\" \/>\n<meta name=\"twitter:card\" content=\"summary_large_image\" \/>\n<script type=\"application\/ld+json\" class=\"yoast-schema-graph\">{\"@context\":\"https:\/\/schema.org\",\"@graph\":[{\"@type\":\"WebPage\",\"@id\":\"https:\/\/www.rattech.com\/en\/product\/grundpakke\/\",\"url\":\"https:\/\/www.rattech.com\/en\/product\/grundpakke\/\",\"name\":\"Grundpakke - RatTech\",\"isPartOf\":{\"@id\":\"https:\/\/www.rattech.com\/en\/#website\"},\"primaryImageOfPage\":{\"@id\":\"https:\/\/www.rattech.com\/en\/product\/grundpakke\/#primaryimage\"},\"image\":{\"@id\":\"https:\/\/www.rattech.com\/en\/product\/grundpakke\/#primaryimage\"},\"thumbnailUrl\":\"https:\/\/www.rattech.com\/wp-content\/uploads\/2024\/10\/rattech1.jpg\",\"datePublished\":\"2024-10-02T13:19:37+00:00\",\"dateModified\":\"2025-02-07T09:57:20+00:00\",\"breadcrumb\":{\"@id\":\"https:\/\/www.rattech.com\/en\/product\/grundpakke\/#breadcrumb\"},\"inLanguage\":\"pl-PL\",\"potentialAction\":[{\"@type\":\"ReadAction\",\"target\":[\"https:\/\/www.rattech.com\/en\/product\/grundpakke\/\"]}]},{\"@type\":\"ImageObject\",\"inLanguage\":\"pl-PL\",\"@id\":\"https:\/\/www.rattech.com\/en\/product\/grundpakke\/#primaryimage\",\"url\":\"https:\/\/www.rattech.com\/wp-content\/uploads\/2024\/10\/rattech1.jpg\",\"contentUrl\":\"https:\/\/www.rattech.com\/wp-content\/uploads\/2024\/10\/rattech1.jpg\",\"width\":1200,\"height\":779},{\"@type\":\"BreadcrumbList\",\"@id\":\"https:\/\/www.rattech.com\/en\/product\/grundpakke\/#breadcrumb\",\"itemListElement\":[{\"@type\":\"ListItem\",\"position\":1,\"name\":\"Home\",\"item\":\"https:\/\/www.rattech.com\/en\/\"},{\"@type\":\"ListItem\",\"position\":2,\"name\":\"Shop\",\"item\":\"https:\/\/www.rattech.com\/en\/shop\/\"},{\"@type\":\"ListItem\",\"position\":3,\"name\":\"Grundpakke\"}]},{\"@type\":\"WebSite\",\"@id\":\"https:\/\/www.rattech.com\/en\/#website\",\"url\":\"https:\/\/www.rattech.com\/en\/\",\"name\":\"RatTech\",\"description\":\"\",\"publisher\":{\"@id\":\"https:\/\/www.rattech.com\/en\/#organization\"},\"potentialAction\":[{\"@type\":\"SearchAction\",\"target\":{\"@type\":\"EntryPoint\",\"urlTemplate\":\"https:\/\/www.rattech.com\/en\/?s={search_term_string}\"},\"query-input\":{\"@type\":\"PropertyValueSpecification\",\"valueRequired\":true,\"valueName\":\"search_term_string\"}}],\"inLanguage\":\"pl-PL\"},{\"@type\":\"Organization\",\"@id\":\"https:\/\/www.rattech.com\/en\/#organization\",\"name\":\"RatTech\",\"url\":\"https:\/\/www.rattech.com\/en\/\",\"logo\":{\"@type\":\"ImageObject\",\"inLanguage\":\"pl-PL\",\"@id\":\"https:\/\/www.rattech.com\/en\/#\/schema\/logo\/image\/\",\"url\":\"https:\/\/www.rattech.com\/wp-content\/uploads\/2024\/06\/rattech.svg\",\"contentUrl\":\"https:\/\/www.rattech.com\/wp-content\/uploads\/2024\/06\/rattech.svg\",\"width\":261,\"height\":88,\"caption\":\"RatTech\"},\"image\":{\"@id\":\"https:\/\/www.rattech.com\/en\/#\/schema\/logo\/image\/\"}}]}<\/script>\n<!-- \/ Yoast SEO plugin. -->","yoast_head_json":{"title":"Grundpakke - RatTech","robots":{"index":"index","follow":"follow","max-snippet":"max-snippet:-1","max-image-preview":"max-image-preview:large","max-video-preview":"max-video-preview:-1"},"canonical":"https:\/\/www.rattech.com\/pl\/product\/grundpakke\/","og_locale":"pl_PL","og_type":"article","og_title":"Grundpakke - RatTech","og_description":"F\u00e5 rottesikret din ejendom med RatTechs digitale rottebek\u00e6mpelse. Grundpakken d\u00e6kker hvad der svarer til 1 ejendom. F\u00e6lder leveres og ops\u00e6ttes med f\u00f8rste omgang foder. Yderligere foder kan tilk\u00f8bes. Tilk\u00f8b en gennemgang af din ejendom for optimal sikring fra start. Du f\u00e5r&#8230; 10 f\u00e6lder \u00c9n router Kodning, ops\u00e6tning, sikring, tilslutning og aktivering af f\u00e6lder Prisen er [&hellip;]","og_url":"https:\/\/www.rattech.com\/pl\/product\/grundpakke\/","og_site_name":"RatTech","article_modified_time":"2025-02-07T09:57:20+00:00","og_image":[{"width":1200,"height":779,"url":"https:\/\/www.rattech.com\/wp-content\/uploads\/2024\/10\/rattech1.jpg","type":"image\/jpeg"}],"twitter_card":"summary_large_image","schema":{"@context":"https:\/\/schema.org","@graph":[{"@type":"WebPage","@id":"https:\/\/www.rattech.com\/en\/product\/grundpakke\/","url":"https:\/\/www.rattech.com\/en\/product\/grundpakke\/","name":"Grundpakke - RatTech","isPartOf":{"@id":"https:\/\/www.rattech.com\/en\/#website"},"primaryImageOfPage":{"@id":"https:\/\/www.rattech.com\/en\/product\/grundpakke\/#primaryimage"},"image":{"@id":"https:\/\/www.rattech.com\/en\/product\/grundpakke\/#primaryimage"},"thumbnailUrl":"https:\/\/www.rattech.com\/wp-content\/uploads\/2024\/10\/rattech1.jpg","datePublished":"2024-10-02T13:19:37+00:00","dateModified":"2025-02-07T09:57:20+00:00","breadcrumb":{"@id":"https:\/\/www.rattech.com\/en\/product\/grundpakke\/#breadcrumb"},"inLanguage":"pl-PL","potentialAction":[{"@type":"ReadAction","target":["https:\/\/www.rattech.com\/en\/product\/grundpakke\/"]}]},{"@type":"ImageObject","inLanguage":"pl-PL","@id":"https:\/\/www.rattech.com\/en\/product\/grundpakke\/#primaryimage","url":"https:\/\/www.rattech.com\/wp-content\/uploads\/2024\/10\/rattech1.jpg","contentUrl":"https:\/\/www.rattech.com\/wp-content\/uploads\/2024\/10\/rattech1.jpg","width":1200,"height":779},{"@type":"BreadcrumbList","@id":"https:\/\/www.rattech.com\/en\/product\/grundpakke\/#breadcrumb","itemListElement":[{"@type":"ListItem","position":1,"name":"Home","item":"https:\/\/www.rattech.com\/en\/"},{"@type":"ListItem","position":2,"name":"Shop","item":"https:\/\/www.rattech.com\/en\/shop\/"},{"@type":"ListItem","position":3,"name":"Grundpakke"}]},{"@type":"WebSite","@id":"https:\/\/www.rattech.com\/en\/#website","url":"https:\/\/www.rattech.com\/en\/","name":"RatTech","description":"","publisher":{"@id":"https:\/\/www.rattech.com\/en\/#organization"},"potentialAction":[{"@type":"SearchAction","target":{"@type":"EntryPoint","urlTemplate":"https:\/\/www.rattech.com\/en\/?s={search_term_string}"},"query-input":{"@type":"PropertyValueSpecification","valueRequired":true,"valueName":"search_term_string"}}],"inLanguage":"pl-PL"},{"@type":"Organization","@id":"https:\/\/www.rattech.com\/en\/#organization","name":"RatTech","url":"https:\/\/www.rattech.com\/en\/","logo":{"@type":"ImageObject","inLanguage":"pl-PL","@id":"https:\/\/www.rattech.com\/en\/#\/schema\/logo\/image\/","url":"https:\/\/www.rattech.com\/wp-content\/uploads\/2024\/06\/rattech.svg","contentUrl":"https:\/\/www.rattech.com\/wp-content\/uploads\/2024\/06\/rattech.svg","width":261,"height":88,"caption":"RatTech"},"image":{"@id":"https:\/\/www.rattech.com\/en\/#\/schema\/logo\/image\/"}}]}},"_links":{"self":[{"href":"https:\/\/www.rattech.com\/pl\/wp-json\/wp\/v2\/product\/874","targetHints":{"allow":["GET"]}}],"collection":[{"href":"https:\/\/www.rattech.com\/pl\/wp-json\/wp\/v2\/product"}],"about":[{"href":"https:\/\/www.rattech.com\/pl\/wp-json\/wp\/v2\/types\/product"}],"wp:featuredmedia":[{"embeddable":true,"href":"https:\/\/www.rattech.com\/pl\/wp-json\/wp\/v2\/media\/916"}],"wp:attachment":[{"href":"https:\/\/www.rattech.com\/pl\/wp-json\/wp\/v2\/media?parent=874"}],"wp:term":[{"taxonomy":"product_brand","embeddable":true,"href":"https:\/\/www.rattech.com\/pl\/wp-json\/wp\/v2\/product_brand?post=874"},{"taxonomy":"product_cat","embeddable":true,"href":"https:\/\/www.rattech.com\/pl\/wp-json\/wp\/v2\/product_cat?post=874"},{"taxonomy":"product_tag","embeddable":true,"href":"https:\/\/www.rattech.com\/pl\/wp-json\/wp\/v2\/product_tag?post=874"}],"curies":[{"name":"wp","href":"https:\/\/api.w.org\/{rel}","templated":true}]}}