{"id":931,"date":"2023-02-07T10:13:48","date_gmt":"2023-02-07T10:13:48","guid":{"rendered":"https:\/\/rattech.stging.dk\/?post_type=product&#038;p=931"},"modified":"2025-02-13T10:01:39","modified_gmt":"2025-02-13T10:01:39","slug":"foder-til-faelder-ekstra-pakke-100-stk","status":"publish","type":"product","link":"https:\/\/www.rattech.com\/pl\/product\/foder-til-faelder-ekstra-pakke-100-stk\/","title":{"rendered":"Pokarm dla pu\u0142apek - opakowanie dodatkowe (100 szt.)"},"content":{"rendered":"<p>Nietoksyczna przyn\u0119ta. Nara Lure to wolne od alergen\u00f3w bloki zapachowe wykonane z mi\u0119kkiego materia\u0142u polimerowego, kt\u00f3ry nie gnije ani nie jest zjadany przez owady. Zapachy specyficzne dla gryzoni s\u0105 formowane w bloki i powoli uwalniane do \u015brodowiska. Ze wzgl\u0119du na swoje unikalne nietoksyczne w\u0142a\u015bciwo\u015bci, bloki zapachowe s\u0105 stosowane w wielu bran\u017cach, w kt\u00f3rych higiena ma kluczowe znaczenie. W przemy\u015ble spo\u017cywczym i farmaceutycznym, a tak\u017ce w logistyce, bloki zapachowe s\u0105 wykorzystywane do kontroli szczur\u00f3w. Unikalna konstrukcja oznacza, \u017ce bloki s\u0105 r\u00f3wnie\u017c idealne do stosowania w wilgotnych i gor\u0105cych \u015brodowiskach, w kt\u00f3rych zwyk\u0142a przyn\u0119ta szybko gnije lub jest wyp\u0142ukiwana.<\/p>\n<p>Opakowanie 100 dodatkowych blok\u00f3w zapachowych. Nale\u017cy dokupi\u0107 w przypadku wybrania samoopr\u00f3\u017cniania.<\/p>\n<p>Cena jest cen\u0105 za pakiet i nie zawiera podatku VAT.<\/p>\n<p>&nbsp;<\/p>","protected":false},"excerpt":{"rendered":"<p>Giftfri lokkemad. Nara Lure er allergenfri duftblokke fremstillet i et bl\u00f8dt polymermateriale, der ikke kan r\u00e5dne eller spises af insekter. Der er indst\u00f8bt gnaverspecifikke duftstoffer i blokken, som langsomt frigives til omgivelserne. P\u00e5 grund af sine unikke giftfri egenskaber anvendes duftblokkene inden for mange industrier hvor hygiejne er afg\u00f8rende. B\u00e5de inden for f\u00f8devare- og medicinalindustri [&hellip;]<\/p>","protected":false},"featured_media":949,"template":"","meta":{"_acf_changed":false},"product_brand":[],"product_cat":[20],"product_tag":[],"class_list":{"0":"post-931","1":"product","2":"type-product","3":"status-publish","4":"has-post-thumbnail","6":"product_cat-additional-products","8":"first","9":"instock","10":"taxable","11":"shipping-taxable","12":"purchasable","13":"product-type-simple"},"acf":[],"yoast_head":"<!-- This site is optimized with the Yoast SEO plugin v26.5 - https:\/\/yoast.com\/wordpress\/plugins\/seo\/ -->\n<title>Foder til f\u00e6lder - Ekstra pakke (100 stk.) - RatTech<\/title>\n<meta name=\"robots\" content=\"index, follow, max-snippet:-1, max-image-preview:large, max-video-preview:-1\" \/>\n<link rel=\"canonical\" href=\"https:\/\/www.rattech.com\/pl\/product\/foder-til-faelder-ekstra-pakke-100-stk\/\" \/>\n<meta property=\"og:locale\" content=\"pl_PL\" \/>\n<meta property=\"og:type\" content=\"article\" \/>\n<meta property=\"og:title\" content=\"Foder til f\u00e6lder - Ekstra pakke (100 stk.) - RatTech\" \/>\n<meta property=\"og:description\" content=\"Giftfri lokkemad. Nara Lure er allergenfri duftblokke fremstillet i et bl\u00f8dt polymermateriale, der ikke kan r\u00e5dne eller spises af insekter. Der er indst\u00f8bt gnaverspecifikke duftstoffer i blokken, som langsomt frigives til omgivelserne. P\u00e5 grund af sine unikke giftfri egenskaber anvendes duftblokkene inden for mange industrier hvor hygiejne er afg\u00f8rende. B\u00e5de inden for f\u00f8devare- og medicinalindustri [&hellip;]\" \/>\n<meta property=\"og:url\" content=\"https:\/\/www.rattech.com\/pl\/product\/foder-til-faelder-ekstra-pakke-100-stk\/\" \/>\n<meta property=\"og:site_name\" content=\"RatTech\" \/>\n<meta property=\"article:modified_time\" content=\"2025-02-13T10:01:39+00:00\" \/>\n<meta property=\"og:image\" content=\"https:\/\/www.rattech.com\/wp-content\/uploads\/2025\/02\/foder.jpg\" \/>\n\t<meta property=\"og:image:width\" content=\"776\" \/>\n\t<meta property=\"og:image:height\" content=\"504\" \/>\n\t<meta property=\"og:image:type\" content=\"image\/jpeg\" \/>\n<meta name=\"twitter:card\" content=\"summary_large_image\" \/>\n<meta name=\"twitter:label1\" content=\"Szacowany czas czytania\" \/>\n\t<meta name=\"twitter:data1\" content=\"1 minuta\" \/>\n<script type=\"application\/ld+json\" class=\"yoast-schema-graph\">{\"@context\":\"https:\/\/schema.org\",\"@graph\":[{\"@type\":\"WebPage\",\"@id\":\"https:\/\/www.rattech.com\/en\/product\/foder-til-faelder-ekstra-pakke-100-stk\/\",\"url\":\"https:\/\/www.rattech.com\/en\/product\/foder-til-faelder-ekstra-pakke-100-stk\/\",\"name\":\"Foder til f\u00e6lder - Ekstra pakke (100 stk.) - RatTech\",\"isPartOf\":{\"@id\":\"https:\/\/www.rattech.com\/en\/#website\"},\"primaryImageOfPage\":{\"@id\":\"https:\/\/www.rattech.com\/en\/product\/foder-til-faelder-ekstra-pakke-100-stk\/#primaryimage\"},\"image\":{\"@id\":\"https:\/\/www.rattech.com\/en\/product\/foder-til-faelder-ekstra-pakke-100-stk\/#primaryimage\"},\"thumbnailUrl\":\"https:\/\/www.rattech.com\/wp-content\/uploads\/2025\/02\/foder.jpg\",\"datePublished\":\"2023-02-07T10:13:48+00:00\",\"dateModified\":\"2025-02-13T10:01:39+00:00\",\"breadcrumb\":{\"@id\":\"https:\/\/www.rattech.com\/en\/product\/foder-til-faelder-ekstra-pakke-100-stk\/#breadcrumb\"},\"inLanguage\":\"pl-PL\",\"potentialAction\":[{\"@type\":\"ReadAction\",\"target\":[\"https:\/\/www.rattech.com\/en\/product\/foder-til-faelder-ekstra-pakke-100-stk\/\"]}]},{\"@type\":\"ImageObject\",\"inLanguage\":\"pl-PL\",\"@id\":\"https:\/\/www.rattech.com\/en\/product\/foder-til-faelder-ekstra-pakke-100-stk\/#primaryimage\",\"url\":\"https:\/\/www.rattech.com\/wp-content\/uploads\/2025\/02\/foder.jpg\",\"contentUrl\":\"https:\/\/www.rattech.com\/wp-content\/uploads\/2025\/02\/foder.jpg\",\"width\":776,\"height\":504},{\"@type\":\"BreadcrumbList\",\"@id\":\"https:\/\/www.rattech.com\/en\/product\/foder-til-faelder-ekstra-pakke-100-stk\/#breadcrumb\",\"itemListElement\":[{\"@type\":\"ListItem\",\"position\":1,\"name\":\"Home\",\"item\":\"https:\/\/www.rattech.com\/en\/\"},{\"@type\":\"ListItem\",\"position\":2,\"name\":\"Shop\",\"item\":\"https:\/\/www.rattech.com\/en\/shop\/\"},{\"@type\":\"ListItem\",\"position\":3,\"name\":\"Foder til f\u00e6lder &#8211; Ekstra pakke (100 stk.)\"}]},{\"@type\":\"WebSite\",\"@id\":\"https:\/\/www.rattech.com\/en\/#website\",\"url\":\"https:\/\/www.rattech.com\/en\/\",\"name\":\"RatTech\",\"description\":\"\",\"publisher\":{\"@id\":\"https:\/\/www.rattech.com\/en\/#organization\"},\"potentialAction\":[{\"@type\":\"SearchAction\",\"target\":{\"@type\":\"EntryPoint\",\"urlTemplate\":\"https:\/\/www.rattech.com\/en\/?s={search_term_string}\"},\"query-input\":{\"@type\":\"PropertyValueSpecification\",\"valueRequired\":true,\"valueName\":\"search_term_string\"}}],\"inLanguage\":\"pl-PL\"},{\"@type\":\"Organization\",\"@id\":\"https:\/\/www.rattech.com\/en\/#organization\",\"name\":\"RatTech\",\"url\":\"https:\/\/www.rattech.com\/en\/\",\"logo\":{\"@type\":\"ImageObject\",\"inLanguage\":\"pl-PL\",\"@id\":\"https:\/\/www.rattech.com\/en\/#\/schema\/logo\/image\/\",\"url\":\"https:\/\/www.rattech.com\/wp-content\/uploads\/2024\/06\/rattech.svg\",\"contentUrl\":\"https:\/\/www.rattech.com\/wp-content\/uploads\/2024\/06\/rattech.svg\",\"width\":261,\"height\":88,\"caption\":\"RatTech\"},\"image\":{\"@id\":\"https:\/\/www.rattech.com\/en\/#\/schema\/logo\/image\/\"}}]}<\/script>\n<!-- \/ Yoast SEO plugin. -->","yoast_head_json":{"title":"Foder til f\u00e6lder - Ekstra pakke (100 stk.) - RatTech","robots":{"index":"index","follow":"follow","max-snippet":"max-snippet:-1","max-image-preview":"max-image-preview:large","max-video-preview":"max-video-preview:-1"},"canonical":"https:\/\/www.rattech.com\/pl\/product\/foder-til-faelder-ekstra-pakke-100-stk\/","og_locale":"pl_PL","og_type":"article","og_title":"Foder til f\u00e6lder - Ekstra pakke (100 stk.) - RatTech","og_description":"Giftfri lokkemad. Nara Lure er allergenfri duftblokke fremstillet i et bl\u00f8dt polymermateriale, der ikke kan r\u00e5dne eller spises af insekter. Der er indst\u00f8bt gnaverspecifikke duftstoffer i blokken, som langsomt frigives til omgivelserne. P\u00e5 grund af sine unikke giftfri egenskaber anvendes duftblokkene inden for mange industrier hvor hygiejne er afg\u00f8rende. B\u00e5de inden for f\u00f8devare- og medicinalindustri [&hellip;]","og_url":"https:\/\/www.rattech.com\/pl\/product\/foder-til-faelder-ekstra-pakke-100-stk\/","og_site_name":"RatTech","article_modified_time":"2025-02-13T10:01:39+00:00","og_image":[{"width":776,"height":504,"url":"https:\/\/www.rattech.com\/wp-content\/uploads\/2025\/02\/foder.jpg","type":"image\/jpeg"}],"twitter_card":"summary_large_image","twitter_misc":{"Szacowany czas czytania":"1 minuta"},"schema":{"@context":"https:\/\/schema.org","@graph":[{"@type":"WebPage","@id":"https:\/\/www.rattech.com\/en\/product\/foder-til-faelder-ekstra-pakke-100-stk\/","url":"https:\/\/www.rattech.com\/en\/product\/foder-til-faelder-ekstra-pakke-100-stk\/","name":"Foder til f\u00e6lder - Ekstra pakke (100 stk.) - RatTech","isPartOf":{"@id":"https:\/\/www.rattech.com\/en\/#website"},"primaryImageOfPage":{"@id":"https:\/\/www.rattech.com\/en\/product\/foder-til-faelder-ekstra-pakke-100-stk\/#primaryimage"},"image":{"@id":"https:\/\/www.rattech.com\/en\/product\/foder-til-faelder-ekstra-pakke-100-stk\/#primaryimage"},"thumbnailUrl":"https:\/\/www.rattech.com\/wp-content\/uploads\/2025\/02\/foder.jpg","datePublished":"2023-02-07T10:13:48+00:00","dateModified":"2025-02-13T10:01:39+00:00","breadcrumb":{"@id":"https:\/\/www.rattech.com\/en\/product\/foder-til-faelder-ekstra-pakke-100-stk\/#breadcrumb"},"inLanguage":"pl-PL","potentialAction":[{"@type":"ReadAction","target":["https:\/\/www.rattech.com\/en\/product\/foder-til-faelder-ekstra-pakke-100-stk\/"]}]},{"@type":"ImageObject","inLanguage":"pl-PL","@id":"https:\/\/www.rattech.com\/en\/product\/foder-til-faelder-ekstra-pakke-100-stk\/#primaryimage","url":"https:\/\/www.rattech.com\/wp-content\/uploads\/2025\/02\/foder.jpg","contentUrl":"https:\/\/www.rattech.com\/wp-content\/uploads\/2025\/02\/foder.jpg","width":776,"height":504},{"@type":"BreadcrumbList","@id":"https:\/\/www.rattech.com\/en\/product\/foder-til-faelder-ekstra-pakke-100-stk\/#breadcrumb","itemListElement":[{"@type":"ListItem","position":1,"name":"Home","item":"https:\/\/www.rattech.com\/en\/"},{"@type":"ListItem","position":2,"name":"Shop","item":"https:\/\/www.rattech.com\/en\/shop\/"},{"@type":"ListItem","position":3,"name":"Foder til f\u00e6lder &#8211; Ekstra pakke (100 stk.)"}]},{"@type":"WebSite","@id":"https:\/\/www.rattech.com\/en\/#website","url":"https:\/\/www.rattech.com\/en\/","name":"RatTech","description":"","publisher":{"@id":"https:\/\/www.rattech.com\/en\/#organization"},"potentialAction":[{"@type":"SearchAction","target":{"@type":"EntryPoint","urlTemplate":"https:\/\/www.rattech.com\/en\/?s={search_term_string}"},"query-input":{"@type":"PropertyValueSpecification","valueRequired":true,"valueName":"search_term_string"}}],"inLanguage":"pl-PL"},{"@type":"Organization","@id":"https:\/\/www.rattech.com\/en\/#organization","name":"RatTech","url":"https:\/\/www.rattech.com\/en\/","logo":{"@type":"ImageObject","inLanguage":"pl-PL","@id":"https:\/\/www.rattech.com\/en\/#\/schema\/logo\/image\/","url":"https:\/\/www.rattech.com\/wp-content\/uploads\/2024\/06\/rattech.svg","contentUrl":"https:\/\/www.rattech.com\/wp-content\/uploads\/2024\/06\/rattech.svg","width":261,"height":88,"caption":"RatTech"},"image":{"@id":"https:\/\/www.rattech.com\/en\/#\/schema\/logo\/image\/"}}]}},"_links":{"self":[{"href":"https:\/\/www.rattech.com\/pl\/wp-json\/wp\/v2\/product\/931","targetHints":{"allow":["GET"]}}],"collection":[{"href":"https:\/\/www.rattech.com\/pl\/wp-json\/wp\/v2\/product"}],"about":[{"href":"https:\/\/www.rattech.com\/pl\/wp-json\/wp\/v2\/types\/product"}],"wp:featuredmedia":[{"embeddable":true,"href":"https:\/\/www.rattech.com\/pl\/wp-json\/wp\/v2\/media\/949"}],"wp:attachment":[{"href":"https:\/\/www.rattech.com\/pl\/wp-json\/wp\/v2\/media?parent=931"}],"wp:term":[{"taxonomy":"product_brand","embeddable":true,"href":"https:\/\/www.rattech.com\/pl\/wp-json\/wp\/v2\/product_brand?post=931"},{"taxonomy":"product_cat","embeddable":true,"href":"https:\/\/www.rattech.com\/pl\/wp-json\/wp\/v2\/product_cat?post=931"},{"taxonomy":"product_tag","embeddable":true,"href":"https:\/\/www.rattech.com\/pl\/wp-json\/wp\/v2\/product_tag?post=931"}],"curies":[{"name":"wp","href":"https:\/\/api.w.org\/{rel}","templated":true}]}}